{"id":476,"date":"2024-02-21T18:24:08","date_gmt":"2024-02-21T17:24:08","guid":{"rendered":"http:\/\/heilpraxis-mkadner.de\/lebenslicht\/?page_id=476"},"modified":"2024-03-18T18:46:16","modified_gmt":"2024-03-18T17:46:16","slug":"ernaehrungsberatung-dresden","status":"publish","type":"page","link":"https:\/\/heilpraxis-mkadner.de\/lebenslicht\/ernaehrungsberatung-dresden\/","title":{"rendered":"Ern\u00e4hrungsberatung"},"content":{"rendered":"\t\t<div data-elementor-type=\"wp-page\" data-elementor-id=\"476\" class=\"elementor elementor-476\" data-elementor-post-type=\"page\">\n\t\t\t\t\t\t<div class=\"elementor-section elementor-top-section elementor-element elementor-element-588e7869 elementor-section-height-min-height elementor-section-boxed elementor-section-height-default elementor-section-items-middle\" data-id=\"588e7869\" data-element_type=\"section\" data-settings=\"{&quot;background_background&quot;:&quot;classic&quot;}\">\n\t\t\t\t\t\t\t<div class=\"elementor-background-overlay\"><\/div>\n\t\t\t\t\t\t\t<div class=\"elementor-container elementor-column-gap-default\">\n\t\t\t\t\t<div class=\"elementor-column elementor-col-100 elementor-top-column elementor-element elementor-element-58fb27d7\" data-id=\"58fb27d7\" data-element_type=\"column\">\n\t\t\t<div class=\"elementor-widget-wrap elementor-element-populated\">\n\t\t\t\t\t\t<div class=\"elementor-element elementor-element-74ae4db5 elementor-widget elementor-widget-spacer\" data-id=\"74ae4db5\" data-element_type=\"widget\" data-widget_type=\"spacer.default\">\n\t\t\t\t<div class=\"elementor-widget-container\">\n\t\t\t<style>\/*! elementor - v3.23.0 - 25-07-2024 *\/\n.elementor-column .elementor-spacer-inner{height:var(--spacer-size)}.e-con{--container-widget-width:100%}.e-con-inner>.elementor-widget-spacer,.e-con>.elementor-widget-spacer{width:var(--container-widget-width,var(--spacer-size));--align-self:var(--container-widget-align-self,initial);--flex-shrink:0}.e-con-inner>.elementor-widget-spacer>.elementor-widget-container,.e-con>.elementor-widget-spacer>.elementor-widget-container{height:100%;width:100%}.e-con-inner>.elementor-widget-spacer>.elementor-widget-container>.elementor-spacer,.e-con>.elementor-widget-spacer>.elementor-widget-container>.elementor-spacer{height:100%}.e-con-inner>.elementor-widget-spacer>.elementor-widget-container>.elementor-spacer>.elementor-spacer-inner,.e-con>.elementor-widget-spacer>.elementor-widget-container>.elementor-spacer>.elementor-spacer-inner{height:var(--container-widget-height,var(--spacer-size))}.e-con-inner>.elementor-widget-spacer.elementor-widget-empty,.e-con>.elementor-widget-spacer.elementor-widget-empty{position:relative;min-height:22px;min-width:22px}.e-con-inner>.elementor-widget-spacer.elementor-widget-empty .elementor-widget-empty-icon,.e-con>.elementor-widget-spacer.elementor-widget-empty .elementor-widget-empty-icon{position:absolute;top:0;bottom:0;left:0;right:0;margin:auto;padding:0;width:22px;height:22px}<\/style>\t\t<div class=\"elementor-spacer\">\n\t\t\t<div class=\"elementor-spacer-inner\"><\/div>\n\t\t<\/div>\n\t\t\t\t<\/div>\n\t\t\t\t<\/div>\n\t\t\t\t<div class=\"elementor-element elementor-element-220298b9 elementor-widget elementor-widget-heading\" data-id=\"220298b9\" data-element_type=\"widget\" data-widget_type=\"heading.default\">\n\t\t\t\t<div class=\"elementor-widget-container\">\n\t\t\t<style>\/*! elementor - v3.23.0 - 25-07-2024 *\/\n.elementor-heading-title{padding:0;margin:0;line-height:1}.elementor-widget-heading .elementor-heading-title[class*=elementor-size-]>a{color:inherit;font-size:inherit;line-height:inherit}.elementor-widget-heading .elementor-heading-title.elementor-size-small{font-size:15px}.elementor-widget-heading .elementor-heading-title.elementor-size-medium{font-size:19px}.elementor-widget-heading .elementor-heading-title.elementor-size-large{font-size:29px}.elementor-widget-heading .elementor-heading-title.elementor-size-xl{font-size:39px}.elementor-widget-heading .elementor-heading-title.elementor-size-xxl{font-size:59px}<\/style><h1 class=\"elementor-heading-title elementor-size-default\">Ern\u00e4hrungsberatung<\/h1>\t\t<\/div>\n\t\t\t\t<\/div>\n\t\t\t\t<div class=\"elementor-element elementor-element-79030e06 elementor-widget elementor-widget-text-editor\" data-id=\"79030e06\" data-element_type=\"widget\" data-widget_type=\"text-editor.default\">\n\t\t\t\t<div class=\"elementor-widget-container\">\n\t\t\t<style>\/*! elementor - v3.23.0 - 25-07-2024 *\/\n.elementor-widget-text-editor.elementor-drop-cap-view-stacked .elementor-drop-cap{background-color:#69727d;color:#fff}.elementor-widget-text-editor.elementor-drop-cap-view-framed .elementor-drop-cap{color:#69727d;border:3px solid;background-color:transparent}.elementor-widget-text-editor:not(.elementor-drop-cap-view-default) .elementor-drop-cap{margin-top:8px}.elementor-widget-text-editor:not(.elementor-drop-cap-view-default) .elementor-drop-cap-letter{width:1em;height:1em}.elementor-widget-text-editor .elementor-drop-cap{float:left;text-align:center;line-height:1;font-size:50px}.elementor-widget-text-editor .elementor-drop-cap-letter{display:inline-block}<\/style>\t\t\t\t<p>\u201eDu bist, was Du isst\u201c und kannst Dich und Dein Wohlbefinden dadurch auch entsprechend steuern und f\u00f6rdern. Ern\u00e4hrung ist stets individuell und kann auch zur begleitenden Unterst\u00fctzung therapeutischer Prozesse eine Heilung unterst\u00fctzen oder sogar erst erm\u00f6glichen. Dies ist unter fachkompetenter heilkundlicher Begleitung z.B. in der Heilpraxis Madeleine Kadner m\u00f6glich.<\/p><p><span style=\"font-weight: 400;\">Zur Pr\u00e4vention jedoch sind bestimmte Kompetenzen auch f\u00fcr jeden Einzelnen sinnvoll. <\/span><\/p>\t\t\t\t\t\t<\/div>\n\t\t\t\t<\/div>\n\t\t\t\t<div class=\"elementor-element elementor-element-69ad3c72 elementor-align-center elementor-invisible elementor-widget elementor-widget-button\" data-id=\"69ad3c72\" data-element_type=\"widget\" data-settings=\"{&quot;_animation&quot;:&quot;fadeInUp&quot;}\" data-widget_type=\"button.default\">\n\t\t\t\t<div class=\"elementor-widget-container\">\n\t\t\t\t\t<div class=\"elementor-button-wrapper\">\n\t\t\t<a class=\"elementor-button elementor-button-link elementor-size-sm\" href=\"https:\/\/heilpraxis-mkadner.de\/lebenslicht\/erstgespraech-vereinbaren\/\">\n\t\t\t\t\t\t<span class=\"elementor-button-content-wrapper\">\n\t\t\t\t\t\t\t\t\t<span class=\"elementor-button-text\">Kostenloses Erstgespr\u00e4ch<\/span>\n\t\t\t\t\t<\/span>\n\t\t\t\t\t<\/a>\n\t\t<\/div>\n\t\t\t\t<\/div>\n\t\t\t\t<\/div>\n\t\t\t\t\t<\/div>\n\t\t<\/div>\n\t\t\t\t\t<\/div>\n\t\t<\/div>\n\t\t\t\t<section class=\"elementor-section elementor-top-section elementor-element elementor-element-21a5eaad elementor-reverse-mobile elementor-section-boxed elementor-section-height-default elementor-section-height-default\" data-id=\"21a5eaad\" data-element_type=\"section\">\n\t\t\t\t\t\t<div class=\"elementor-container elementor-column-gap-default\">\n\t\t\t\t\t<div class=\"elementor-column elementor-col-50 elementor-top-column elementor-element elementor-element-4e5448c\" data-id=\"4e5448c\" data-element_type=\"column\">\n\t\t\t<div class=\"elementor-widget-wrap elementor-element-populated\">\n\t\t\t\t\t\t<div class=\"elementor-element elementor-element-65abdbce elementor-widget elementor-widget-heading\" data-id=\"65abdbce\" data-element_type=\"widget\" data-widget_type=\"heading.default\">\n\t\t\t\t<div class=\"elementor-widget-container\">\n\t\t\t<h2 class=\"elementor-heading-title elementor-size-default\">Eine individuelle Ern\u00e4hrungsberatung bringt <\/h2>\t\t<\/div>\n\t\t\t\t<\/div>\n\t\t\t\t<div class=\"elementor-element elementor-element-24c47dae elementor-widget__width-initial elementor-widget-tablet__width-initial elementor-widget-mobile__width-inherit  ui-split-animate ui-splitby-lines elementor-widget elementor-widget-text-editor\" data-id=\"24c47dae\" data-element_type=\"widget\" data-settings=\"{&quot;ui_animate_split&quot;:&quot;ui-split-animate&quot;,&quot;ui_animate_split_by&quot;:&quot;lines&quot;,&quot;ui_animate_split_style&quot;:&quot;fadeInUp&quot;}\" data-widget_type=\"text-editor.default\">\n\t\t\t\t<div class=\"elementor-widget-container\">\n\t\t\t\t\t\t\t<ul>\n  <li>Orientierung in den Dschungel von Ern\u00e4hrungstrends und Di\u00e4tvarianten geben<\/li>\n  <li>kann Vitalstoffm\u00e4ngel aufzeigen und Vitalstoff-R\u00e4uber ausfindig machen<\/li>\n  <li>gibt einen \u00dcberblick dar\u00fcber, welche Nahrungserg\u00e4nzungen sinnvoll oder \u00fcbertrieben sind und hilft zu verstehen, welche Kriterien man gute Produkte erf\u00fcllen m\u00fcssen<\/li>\n  <li>hilft, seinen eigenen Stoffwechseltyp zu erkennen und welche Ern\u00e4hrung bzw. Lebensgestaltung geeignet ist<\/li>\n  <li>Vor- und Nachteile von verschiedenen Ern\u00e4hrungsformen zu verstehen und f\u00fcr sich selbst abzuw\u00e4gen<\/li>\n  <li>Gesunde Nahrungs- und Lebensmittel von ungesunden unterscheiden zu lernen<\/li>\n  <li>Quellen f\u00fcr gesunde Produkte zu erfahren<\/li>\n<\/ul>\t\t\t\t\t\t<\/div>\n\t\t\t\t<\/div>\n\t\t\t\t<div class=\"elementor-element elementor-element-be92d09 elementor-widget__width-initial elementor-widget-tablet__width-initial elementor-widget-mobile__width-inherit  ui-split-animate ui-splitby-lines elementor-widget elementor-widget-text-editor\" data-id=\"be92d09\" data-element_type=\"widget\" data-settings=\"{&quot;ui_animate_split&quot;:&quot;ui-split-animate&quot;,&quot;ui_animate_split_by&quot;:&quot;lines&quot;,&quot;ui_animate_split_style&quot;:&quot;fadeInUp&quot;}\" data-widget_type=\"text-editor.default\">\n\t\t\t\t<div class=\"elementor-widget-container\">\n\t\t\t\t\t\t\tWirksame Ern\u00e4hrungstipps sowie m\u00f6gliche Nahrungserg\u00e4nzungsmittel k\u00f6nnen dann abgestimmt und zur Pr\u00e4vention genutzt werden, um Wohlbefinden und Leistungsf\u00e4higkeit zu steigern und m\u00f6glichen Krankheitsrisiken vorzubeugen.\t\t\t\t\t\t<\/div>\n\t\t\t\t<\/div>\n\t\t\t\t\t<\/div>\n\t\t<\/div>\n\t\t\t\t<div class=\"elementor-column elementor-col-50 elementor-top-column elementor-element elementor-element-5b8a9295\" data-id=\"5b8a9295\" data-element_type=\"column\">\n\t\t\t<div class=\"elementor-widget-wrap elementor-element-populated\">\n\t\t\t\t\t\t<div class=\"elementor-element elementor-element-3cfcd202 animated-fast elementor-invisible elementor-widget elementor-widget-image\" data-id=\"3cfcd202\" data-element_type=\"widget\" data-settings=\"{&quot;_animation&quot;:&quot;fadeInUp&quot;}\" data-widget_type=\"image.default\">\n\t\t\t\t<div class=\"elementor-widget-container\">\n\t\t\t<style>\/*! elementor - v3.23.0 - 25-07-2024 *\/\n.elementor-widget-image{text-align:center}.elementor-widget-image a{display:inline-block}.elementor-widget-image a img[src$=\".svg\"]{width:48px}.elementor-widget-image img{vertical-align:middle;display:inline-block}<\/style>\t\t\t\t\t\t\t\t\t\t<img fetchpriority=\"high\" decoding=\"async\" width=\"1080\" height=\"800\" src=\"https:\/\/heilpraxis-mkadner.de\/wp-content\/uploads\/sites\/2\/2024\/01\/Ernaehrungsberatung_Individuelle_Plaene.jpg\" class=\"attachment-full size-full wp-image-763\" alt=\"\" srcset=\"https:\/\/heilpraxis-mkadner.de\/wp-content\/uploads\/sites\/2\/2024\/01\/Ernaehrungsberatung_Individuelle_Plaene.jpg 1080w, https:\/\/heilpraxis-mkadner.de\/wp-content\/uploads\/sites\/2\/2024\/01\/Ernaehrungsberatung_Individuelle_Plaene-300x222.jpg 300w, https:\/\/heilpraxis-mkadner.de\/wp-content\/uploads\/sites\/2\/2024\/01\/Ernaehrungsberatung_Individuelle_Plaene-1024x759.jpg 1024w, https:\/\/heilpraxis-mkadner.de\/wp-content\/uploads\/sites\/2\/2024\/01\/Ernaehrungsberatung_Individuelle_Plaene-768x569.jpg 768w, https:\/\/heilpraxis-mkadner.de\/wp-content\/uploads\/sites\/2\/2024\/01\/Ernaehrungsberatung_Individuelle_Plaene-650x481.jpg 650w\" sizes=\"(max-width: 1080px) 100vw, 1080px\" title=\"\">\t\t\t\t\t\t\t\t\t\t\t\t\t<\/div>\n\t\t\t\t<\/div>\n\t\t\t\t\t<\/div>\n\t\t<\/div>\n\t\t\t\t\t<\/div>\n\t\t<\/section>\n\t\t\t\t<section class=\"elementor-section elementor-top-section elementor-element elementor-element-726724db elementor-section-boxed elementor-section-height-default elementor-section-height-default\" data-id=\"726724db\" data-element_type=\"section\" data-settings=\"{&quot;background_background&quot;:&quot;classic&quot;}\">\n\t\t\t\t\t\t<div class=\"elementor-container elementor-column-gap-default\">\n\t\t\t\t\t<div class=\"elementor-column elementor-col-100 elementor-top-column elementor-element elementor-element-1ed4b766\" data-id=\"1ed4b766\" data-element_type=\"column\">\n\t\t\t<div class=\"elementor-widget-wrap elementor-element-populated\">\n\t\t\t\t\t\t<div class=\"elementor-element elementor-element-33725fbb elementor-widget-tablet__width-inherit elementor-widget-mobile__width-inherit elementor-widget elementor-widget-heading\" data-id=\"33725fbb\" data-element_type=\"widget\" data-widget_type=\"heading.default\">\n\t\t\t\t<div class=\"elementor-widget-container\">\n\t\t\t<h2 class=\"elementor-heading-title elementor-size-default\">M\u00f6chten Sie aktiv Ihre Ern\u00e4hrung verbessern und einen ges\u00fcnderen Lebensstil entwickeln?<\/h2>\t\t<\/div>\n\t\t\t\t<\/div>\n\t\t\t\t<div class=\"elementor-element elementor-element-1b10577d elementor-widget__width-initial elementor-widget elementor-widget-text-editor\" data-id=\"1b10577d\" data-element_type=\"widget\" data-widget_type=\"text-editor.default\">\n\t\t\t\t<div class=\"elementor-widget-container\">\n\t\t\t\t\t\t\t<p>Kontaktieren Sie uns gerne. Vereinbaren Sie einen Termin f\u00fcr ein kostenloses Erstgespr\u00e4ch bei Lebenslicht in Dresden. Wir freuen uns darauf, mit Ihnen gemeinsam an einem ges\u00fcnderen Leben zu arbeiten.<\/p>\t\t\t\t\t\t<\/div>\n\t\t\t\t<\/div>\n\t\t\t\t\t<\/div>\n\t\t<\/div>\n\t\t\t\t\t<\/div>\n\t\t<\/section>\n\t\t\t\t<\/div>\n\t\t","protected":false},"excerpt":{"rendered":"<p>Ern\u00e4hrungsberatung \u201eDu bist, was Du isst\u201c und kannst Dich und Dein Wohlbefinden dadurch auch entsprechend steuern und f\u00f6rdern. Ern\u00e4hrung ist stets individuell [&hellip;]<\/p>\n","protected":false},"author":1,"featured_media":0,"parent":0,"menu_order":0,"comment_status":"closed","ping_status":"closed","template":"","meta":{"rank_math_lock_modified_date":false,"footnotes":""},"class_list":["post-476","page","type-page","status-publish","hentry"],"_links":{"self":[{"href":"https:\/\/heilpraxis-mkadner.de\/lebenslicht\/wp-json\/wp\/v2\/pages\/476"}],"collection":[{"href":"https:\/\/heilpraxis-mkadner.de\/lebenslicht\/wp-json\/wp\/v2\/pages"}],"about":[{"href":"https:\/\/heilpraxis-mkadner.de\/lebenslicht\/wp-json\/wp\/v2\/types\/page"}],"author":[{"embeddable":true,"href":"https:\/\/heilpraxis-mkadner.de\/lebenslicht\/wp-json\/wp\/v2\/users\/1"}],"replies":[{"embeddable":true,"href":"https:\/\/heilpraxis-mkadner.de\/lebenslicht\/wp-json\/wp\/v2\/comments?post=476"}],"version-history":[{"count":0,"href":"https:\/\/heilpraxis-mkadner.de\/lebenslicht\/wp-json\/wp\/v2\/pages\/476\/revisions"}],"wp:attachment":[{"href":"https:\/\/heilpraxis-mkadner.de\/lebenslicht\/wp-json\/wp\/v2\/media?parent=476"}],"curies":[{"name":"wp","href":"https:\/\/api.w.org\/{rel}","templated":true}]}}