{"id":362,"date":"2023-12-28T11:51:23","date_gmt":"2023-12-28T10:51:23","guid":{"rendered":"http:\/\/heilpraxis-mkadner.de\/lebenslicht\/?page_id=362"},"modified":"2024-03-18T18:48:24","modified_gmt":"2024-03-18T17:48:24","slug":"entspannungsverfahren-dresden","status":"publish","type":"page","link":"https:\/\/heilpraxis-mkadner.de\/lebenslicht\/entspannungsverfahren-dresden\/","title":{"rendered":"Entspannungsverfahren"},"content":{"rendered":"\t\t<div data-elementor-type=\"wp-page\" data-elementor-id=\"362\" class=\"elementor elementor-362\" data-elementor-post-type=\"page\">\n\t\t\t\t\t\t<div class=\"elementor-section elementor-top-section elementor-element elementor-element-7bbef516 elementor-section-height-min-height elementor-section-boxed elementor-section-height-default elementor-section-items-middle\" data-id=\"7bbef516\" data-element_type=\"section\" data-settings=\"{&quot;background_background&quot;:&quot;classic&quot;}\">\n\t\t\t\t\t\t\t<div class=\"elementor-background-overlay\"><\/div>\n\t\t\t\t\t\t\t<div class=\"elementor-container elementor-column-gap-default\">\n\t\t\t\t\t<div class=\"elementor-column elementor-col-100 elementor-top-column elementor-element elementor-element-2a1c5ccf\" data-id=\"2a1c5ccf\" data-element_type=\"column\">\n\t\t\t<div class=\"elementor-widget-wrap elementor-element-populated\">\n\t\t\t\t\t\t<div class=\"elementor-element elementor-element-45e1efd6 elementor-widget elementor-widget-spacer\" data-id=\"45e1efd6\" data-element_type=\"widget\" data-widget_type=\"spacer.default\">\n\t\t\t\t<div class=\"elementor-widget-container\">\n\t\t\t<style>\/*! elementor - v3.23.0 - 25-07-2024 *\/\n.elementor-column .elementor-spacer-inner{height:var(--spacer-size)}.e-con{--container-widget-width:100%}.e-con-inner>.elementor-widget-spacer,.e-con>.elementor-widget-spacer{width:var(--container-widget-width,var(--spacer-size));--align-self:var(--container-widget-align-self,initial);--flex-shrink:0}.e-con-inner>.elementor-widget-spacer>.elementor-widget-container,.e-con>.elementor-widget-spacer>.elementor-widget-container{height:100%;width:100%}.e-con-inner>.elementor-widget-spacer>.elementor-widget-container>.elementor-spacer,.e-con>.elementor-widget-spacer>.elementor-widget-container>.elementor-spacer{height:100%}.e-con-inner>.elementor-widget-spacer>.elementor-widget-container>.elementor-spacer>.elementor-spacer-inner,.e-con>.elementor-widget-spacer>.elementor-widget-container>.elementor-spacer>.elementor-spacer-inner{height:var(--container-widget-height,var(--spacer-size))}.e-con-inner>.elementor-widget-spacer.elementor-widget-empty,.e-con>.elementor-widget-spacer.elementor-widget-empty{position:relative;min-height:22px;min-width:22px}.e-con-inner>.elementor-widget-spacer.elementor-widget-empty .elementor-widget-empty-icon,.e-con>.elementor-widget-spacer.elementor-widget-empty .elementor-widget-empty-icon{position:absolute;top:0;bottom:0;left:0;right:0;margin:auto;padding:0;width:22px;height:22px}<\/style>\t\t<div class=\"elementor-spacer\">\n\t\t\t<div class=\"elementor-spacer-inner\"><\/div>\n\t\t<\/div>\n\t\t\t\t<\/div>\n\t\t\t\t<\/div>\n\t\t\t\t<div class=\"elementor-element elementor-element-37dbf1ce elementor-widget elementor-widget-heading\" data-id=\"37dbf1ce\" data-element_type=\"widget\" data-widget_type=\"heading.default\">\n\t\t\t\t<div class=\"elementor-widget-container\">\n\t\t\t<style>\/*! elementor - v3.23.0 - 25-07-2024 *\/\n.elementor-heading-title{padding:0;margin:0;line-height:1}.elementor-widget-heading .elementor-heading-title[class*=elementor-size-]>a{color:inherit;font-size:inherit;line-height:inherit}.elementor-widget-heading .elementor-heading-title.elementor-size-small{font-size:15px}.elementor-widget-heading .elementor-heading-title.elementor-size-medium{font-size:19px}.elementor-widget-heading .elementor-heading-title.elementor-size-large{font-size:29px}.elementor-widget-heading .elementor-heading-title.elementor-size-xl{font-size:39px}.elementor-widget-heading .elementor-heading-title.elementor-size-xxl{font-size:59px}<\/style><h1 class=\"elementor-heading-title elementor-size-default\">Entspannungsverfahren<\/h1>\t\t<\/div>\n\t\t\t\t<\/div>\n\t\t\t\t<div class=\"elementor-element elementor-element-4eab5708 elementor-widget elementor-widget-text-editor\" data-id=\"4eab5708\" data-element_type=\"widget\" data-widget_type=\"text-editor.default\">\n\t\t\t\t<div class=\"elementor-widget-container\">\n\t\t\t<style>\/*! elementor - v3.23.0 - 25-07-2024 *\/\n.elementor-widget-text-editor.elementor-drop-cap-view-stacked .elementor-drop-cap{background-color:#69727d;color:#fff}.elementor-widget-text-editor.elementor-drop-cap-view-framed .elementor-drop-cap{color:#69727d;border:3px solid;background-color:transparent}.elementor-widget-text-editor:not(.elementor-drop-cap-view-default) .elementor-drop-cap{margin-top:8px}.elementor-widget-text-editor:not(.elementor-drop-cap-view-default) .elementor-drop-cap-letter{width:1em;height:1em}.elementor-widget-text-editor .elementor-drop-cap{float:left;text-align:center;line-height:1;font-size:50px}.elementor-widget-text-editor .elementor-drop-cap-letter{display:inline-block}<\/style>\t\t\t\tIn unserem hektischen Alltag ist die F\u00e4higkeit zur Entspannung wichtiger denn je. Bei &#8222;Lebenslicht \u2013 Zentrum f\u00fcr selbstbestimmte Gesundheit und Lebensenergie&#8220; in Dresden bieten wir eine Vielzahl von Entspannungsverfahren an, die darauf abzielen, sowohl die psychische als auch die k\u00f6rperliche Gesundheit zu f\u00f6rdern.\u00a0\t\t\t\t\t\t<\/div>\n\t\t\t\t<\/div>\n\t\t\t\t<div class=\"elementor-element elementor-element-77e6a594 elementor-align-center elementor-invisible elementor-widget elementor-widget-button\" data-id=\"77e6a594\" data-element_type=\"widget\" data-settings=\"{&quot;_animation&quot;:&quot;fadeInUp&quot;}\" data-widget_type=\"button.default\">\n\t\t\t\t<div class=\"elementor-widget-container\">\n\t\t\t\t\t<div class=\"elementor-button-wrapper\">\n\t\t\t<a class=\"elementor-button elementor-button-link elementor-size-sm\" href=\"https:\/\/heilpraxis-mkadner.de\/lebenslicht\/erstgespraech-vereinbaren\/\">\n\t\t\t\t\t\t<span class=\"elementor-button-content-wrapper\">\n\t\t\t\t\t\t\t\t\t<span class=\"elementor-button-text\">Kostenloses Erstgespr\u00e4ch<\/span>\n\t\t\t\t\t<\/span>\n\t\t\t\t\t<\/a>\n\t\t<\/div>\n\t\t\t\t<\/div>\n\t\t\t\t<\/div>\n\t\t\t\t\t<\/div>\n\t\t<\/div>\n\t\t\t\t\t<\/div>\n\t\t<\/div>\n\t\t\t\t<section class=\"elementor-section elementor-top-section elementor-element elementor-element-12978e3c elementor-reverse-mobile elementor-section-boxed elementor-section-height-default elementor-section-height-default\" data-id=\"12978e3c\" data-element_type=\"section\">\n\t\t\t\t\t\t<div class=\"elementor-container elementor-column-gap-default\">\n\t\t\t\t\t<div class=\"elementor-column elementor-col-50 elementor-top-column elementor-element elementor-element-52a02feb\" data-id=\"52a02feb\" data-element_type=\"column\">\n\t\t\t<div class=\"elementor-widget-wrap elementor-element-populated\">\n\t\t\t\t\t\t<div class=\"elementor-element elementor-element-6009e11c elementor-widget elementor-widget-heading\" data-id=\"6009e11c\" data-element_type=\"widget\" data-widget_type=\"heading.default\">\n\t\t\t\t<div class=\"elementor-widget-container\">\n\t\t\t<h2 class=\"elementor-heading-title elementor-size-default\">Craniosacrale Tiefenentspannung<\/h2>\t\t<\/div>\n\t\t\t\t<\/div>\n\t\t\t\t<div class=\"elementor-element elementor-element-3f766fba elementor-widget__width-initial elementor-widget-tablet__width-initial elementor-widget-mobile__width-inherit  ui-split-animate ui-splitby-lines elementor-widget elementor-widget-text-editor\" data-id=\"3f766fba\" data-element_type=\"widget\" data-settings=\"{&quot;ui_animate_split&quot;:&quot;ui-split-animate&quot;,&quot;ui_animate_split_by&quot;:&quot;lines&quot;,&quot;ui_animate_split_style&quot;:&quot;fadeInUp&quot;}\" data-widget_type=\"text-editor.default\">\n\t\t\t\t<div class=\"elementor-widget-container\">\n\t\t\t\t\t\t\tEntdecken Sie, wie Craniosacrale Tiefenentspannung Ihnen helfen kann, neue Energie f\u00fcr notwendige Ver\u00e4nderungsprozesse zu tanken, wenn Ihre Reserven ersch\u00f6pft scheinen. Diese Methode bietet einen Weg, sich selbst wieder aufzuladen und die Kraft f\u00fcr anstehende Herausforderungen zu finden. \n\n\n\n\n\t\t\t\t\t\t<\/div>\n\t\t\t\t<\/div>\n\t\t\t\t<div class=\"elementor-element elementor-element-383ca6d2 elementor-align-left elementor-invisible elementor-widget elementor-widget-button\" data-id=\"383ca6d2\" data-element_type=\"widget\" data-settings=\"{&quot;_animation&quot;:&quot;fadeInUp&quot;}\" data-widget_type=\"button.default\">\n\t\t\t\t<div class=\"elementor-widget-container\">\n\t\t\t\t\t<div class=\"elementor-button-wrapper\">\n\t\t\t<a class=\"elementor-button elementor-button-link elementor-size-sm\" href=\"https:\/\/heilpraxis-mkadner.de\/lebenslicht\/craniosacrale-tiefenentspannung-dresden\/\">\n\t\t\t\t\t\t<span class=\"elementor-button-content-wrapper\">\n\t\t\t\t\t\t\t\t\t<span class=\"elementor-button-text\">Craniosacrale Tiefenentspannung<\/span>\n\t\t\t\t\t<\/span>\n\t\t\t\t\t<\/a>\n\t\t<\/div>\n\t\t\t\t<\/div>\n\t\t\t\t<\/div>\n\t\t\t\t\t<\/div>\n\t\t<\/div>\n\t\t\t\t<div class=\"elementor-column elementor-col-50 elementor-top-column elementor-element elementor-element-6107607e\" data-id=\"6107607e\" data-element_type=\"column\">\n\t\t\t<div class=\"elementor-widget-wrap elementor-element-populated\">\n\t\t\t\t\t\t<div class=\"elementor-element elementor-element-5bea4594 animated-fast elementor-invisible elementor-widget elementor-widget-image\" data-id=\"5bea4594\" data-element_type=\"widget\" data-settings=\"{&quot;_animation&quot;:&quot;fadeInUp&quot;}\" data-widget_type=\"image.default\">\n\t\t\t\t<div class=\"elementor-widget-container\">\n\t\t\t<style>\/*! elementor - v3.23.0 - 25-07-2024 *\/\n.elementor-widget-image{text-align:center}.elementor-widget-image a{display:inline-block}.elementor-widget-image a img[src$=\".svg\"]{width:48px}.elementor-widget-image img{vertical-align:middle;display:inline-block}<\/style>\t\t\t\t\t\t\t\t\t\t<img fetchpriority=\"high\" decoding=\"async\" width=\"1080\" height=\"800\" src=\"https:\/\/heilpraxis-mkadner.de\/wp-content\/uploads\/sites\/2\/2024\/01\/Stressabbau_Entspannungspraktiken.jpg\" class=\"attachment-full size-full wp-image-585\" alt=\"\" srcset=\"https:\/\/heilpraxis-mkadner.de\/wp-content\/uploads\/sites\/2\/2024\/01\/Stressabbau_Entspannungspraktiken.jpg 1080w, https:\/\/heilpraxis-mkadner.de\/wp-content\/uploads\/sites\/2\/2024\/01\/Stressabbau_Entspannungspraktiken-300x222.jpg 300w, https:\/\/heilpraxis-mkadner.de\/wp-content\/uploads\/sites\/2\/2024\/01\/Stressabbau_Entspannungspraktiken-1024x759.jpg 1024w, https:\/\/heilpraxis-mkadner.de\/wp-content\/uploads\/sites\/2\/2024\/01\/Stressabbau_Entspannungspraktiken-768x569.jpg 768w, https:\/\/heilpraxis-mkadner.de\/wp-content\/uploads\/sites\/2\/2024\/01\/Stressabbau_Entspannungspraktiken-650x481.jpg 650w\" sizes=\"(max-width: 1080px) 100vw, 1080px\" title=\"\">\t\t\t\t\t\t\t\t\t\t\t\t\t<\/div>\n\t\t\t\t<\/div>\n\t\t\t\t\t<\/div>\n\t\t<\/div>\n\t\t\t\t\t<\/div>\n\t\t<\/section>\n\t\t\t\t<section class=\"elementor-section elementor-top-section elementor-element elementor-element-bd0f9ac elementor-section-boxed elementor-section-height-default elementor-section-height-default\" data-id=\"bd0f9ac\" data-element_type=\"section\" data-settings=\"{&quot;background_background&quot;:&quot;classic&quot;}\">\n\t\t\t\t\t\t\t<div class=\"elementor-background-overlay\"><\/div>\n\t\t\t\t\t\t\t<div class=\"elementor-container elementor-column-gap-default\">\n\t\t\t\t\t<div class=\"elementor-column elementor-col-50 elementor-top-column elementor-element elementor-element-55c0e2b\" data-id=\"55c0e2b\" data-element_type=\"column\">\n\t\t\t<div class=\"elementor-widget-wrap elementor-element-populated\">\n\t\t\t\t\t\t<div class=\"elementor-element elementor-element-6654351 animated-fast elementor-invisible elementor-widget elementor-widget-image\" data-id=\"6654351\" data-element_type=\"widget\" data-settings=\"{&quot;_animation&quot;:&quot;fadeInUp&quot;}\" data-widget_type=\"image.default\">\n\t\t\t\t<div class=\"elementor-widget-container\">\n\t\t\t\t\t\t\t\t\t\t\t\t\t<img decoding=\"async\" width=\"1080\" height=\"800\" src=\"https:\/\/heilpraxis-mkadner.de\/wp-content\/uploads\/sites\/2\/2024\/01\/Entspannungsverfahren_Fuer_Gesundheit.jpg\" class=\"attachment-full size-full wp-image-584\" alt=\"\" srcset=\"https:\/\/heilpraxis-mkadner.de\/wp-content\/uploads\/sites\/2\/2024\/01\/Entspannungsverfahren_Fuer_Gesundheit.jpg 1080w, https:\/\/heilpraxis-mkadner.de\/wp-content\/uploads\/sites\/2\/2024\/01\/Entspannungsverfahren_Fuer_Gesundheit-300x222.jpg 300w, https:\/\/heilpraxis-mkadner.de\/wp-content\/uploads\/sites\/2\/2024\/01\/Entspannungsverfahren_Fuer_Gesundheit-1024x759.jpg 1024w, https:\/\/heilpraxis-mkadner.de\/wp-content\/uploads\/sites\/2\/2024\/01\/Entspannungsverfahren_Fuer_Gesundheit-768x569.jpg 768w, https:\/\/heilpraxis-mkadner.de\/wp-content\/uploads\/sites\/2\/2024\/01\/Entspannungsverfahren_Fuer_Gesundheit-650x481.jpg 650w\" sizes=\"(max-width: 1080px) 100vw, 1080px\" title=\"\">\t\t\t\t\t\t\t\t\t\t\t\t\t<\/div>\n\t\t\t\t<\/div>\n\t\t\t\t\t<\/div>\n\t\t<\/div>\n\t\t\t\t<div class=\"elementor-column elementor-col-50 elementor-top-column elementor-element elementor-element-20350624\" data-id=\"20350624\" data-element_type=\"column\">\n\t\t\t<div class=\"elementor-widget-wrap elementor-element-populated\">\n\t\t\t\t\t\t<div class=\"elementor-element elementor-element-6e121b85 elementor-widget elementor-widget-heading\" data-id=\"6e121b85\" data-element_type=\"widget\" data-widget_type=\"heading.default\">\n\t\t\t\t<div class=\"elementor-widget-container\">\n\t\t\t<h2 class=\"elementor-heading-title elementor-size-default\">Autogenes Training<\/h2>\t\t<\/div>\n\t\t\t\t<\/div>\n\t\t\t\t<div class=\"elementor-element elementor-element-27bfd3b8 elementor-widget__width-initial elementor-widget-tablet__width-initial elementor-widget-mobile__width-inherit  ui-split-animate ui-splitby-lines elementor-widget elementor-widget-text-editor\" data-id=\"27bfd3b8\" data-element_type=\"widget\" data-settings=\"{&quot;ui_animate_split&quot;:&quot;ui-split-animate&quot;,&quot;ui_animate_split_by&quot;:&quot;lines&quot;,&quot;ui_animate_split_style&quot;:&quot;fadeInUp&quot;}\" data-widget_type=\"text-editor.default\">\n\t\t\t\t<div class=\"elementor-widget-container\">\n\t\t\t\t\t\t\t<p>Erfahren Sie, wie Autogenes Training, eine Methode der konzentrierten Selbstentspannung, die in den 1920er Jahren vom Berliner Arzt Johannes Heinrich Schulz entwickelt wurde, Ihnen helfen kann, eine Balance zwischen Aktivit\u00e4t und Beruhigung zu erreichen. Ziel dieser Technik ist es, das vegetative Nervensystem von Stress in Entspannung zu \u00fcberf\u00fchren.&nbsp;<\/p>\t\t\t\t\t\t<\/div>\n\t\t\t\t<\/div>\n\t\t\t\t<div class=\"elementor-element elementor-element-6fafe41 elementor-align-left elementor-invisible elementor-widget elementor-widget-button\" data-id=\"6fafe41\" data-element_type=\"widget\" data-settings=\"{&quot;_animation&quot;:&quot;fadeInUp&quot;}\" data-widget_type=\"button.default\">\n\t\t\t\t<div class=\"elementor-widget-container\">\n\t\t\t\t\t<div class=\"elementor-button-wrapper\">\n\t\t\t<a class=\"elementor-button elementor-button-link elementor-size-sm\" href=\"https:\/\/heilpraxis-mkadner.de\/lebenslicht\/autogenes-training-dresden\/\">\n\t\t\t\t\t\t<span class=\"elementor-button-content-wrapper\">\n\t\t\t\t\t\t\t\t\t<span class=\"elementor-button-text\">Autogenes Training<\/span>\n\t\t\t\t\t<\/span>\n\t\t\t\t\t<\/a>\n\t\t<\/div>\n\t\t\t\t<\/div>\n\t\t\t\t<\/div>\n\t\t\t\t<div class=\"elementor-element elementor-element-3c80837f elementor-widget elementor-widget-spacer\" data-id=\"3c80837f\" data-element_type=\"widget\" data-widget_type=\"spacer.default\">\n\t\t\t\t<div class=\"elementor-widget-container\">\n\t\t\t\t\t<div class=\"elementor-spacer\">\n\t\t\t<div class=\"elementor-spacer-inner\"><\/div>\n\t\t<\/div>\n\t\t\t\t<\/div>\n\t\t\t\t<\/div>\n\t\t\t\t\t<\/div>\n\t\t<\/div>\n\t\t\t\t\t<\/div>\n\t\t<\/section>\n\t\t\t\t<section class=\"elementor-section elementor-top-section elementor-element elementor-element-56791eeb elementor-reverse-mobile elementor-section-boxed elementor-section-height-default elementor-section-height-default\" data-id=\"56791eeb\" data-element_type=\"section\">\n\t\t\t\t\t\t<div class=\"elementor-container elementor-column-gap-default\">\n\t\t\t\t\t<div class=\"elementor-column elementor-col-50 elementor-top-column elementor-element elementor-element-295b547f\" data-id=\"295b547f\" data-element_type=\"column\">\n\t\t\t<div class=\"elementor-widget-wrap elementor-element-populated\">\n\t\t\t\t\t\t<div class=\"elementor-element elementor-element-610c560f elementor-widget elementor-widget-heading\" data-id=\"610c560f\" data-element_type=\"widget\" data-widget_type=\"heading.default\">\n\t\t\t\t<div class=\"elementor-widget-container\">\n\t\t\t<h2 class=\"elementor-heading-title elementor-size-default\">Progressive Muskelrelaxation\n<\/h2>\t\t<\/div>\n\t\t\t\t<\/div>\n\t\t\t\t<div class=\"elementor-element elementor-element-74809c8c elementor-widget__width-initial elementor-widget-tablet__width-initial elementor-widget-mobile__width-inherit  ui-split-animate ui-splitby-lines elementor-widget elementor-widget-text-editor\" data-id=\"74809c8c\" data-element_type=\"widget\" data-settings=\"{&quot;ui_animate_split&quot;:&quot;ui-split-animate&quot;,&quot;ui_animate_split_by&quot;:&quot;lines&quot;,&quot;ui_animate_split_style&quot;:&quot;fadeInUp&quot;}\" data-widget_type=\"text-editor.default\">\n\t\t\t\t<div class=\"elementor-widget-container\">\n\t\t\t\t\t\t\tEntdecken Sie, wie Progressive Muskelrelaxation (PMR) eine effektive Methode zur Erreichung von Ruhe und Entspannung sein kann, besonders wenn Visualisierungstechniken wie Phantasiereisen oder Autogenes Training nicht den gew\u00fcnschten Effekt bringen. Diese Technik, die auf der gezielten An- und Entspannung verschiedener Muskelgruppen basiert, bietet wertvolle Unterst\u00fctzung, um tiefe Entspannungszust\u00e4nde zu erreichen.\t\t\t\t\t\t<\/div>\n\t\t\t\t<\/div>\n\t\t\t\t<div class=\"elementor-element elementor-element-21cb612d elementor-align-left elementor-invisible elementor-widget elementor-widget-button\" data-id=\"21cb612d\" data-element_type=\"widget\" data-settings=\"{&quot;_animation&quot;:&quot;fadeInUp&quot;}\" data-widget_type=\"button.default\">\n\t\t\t\t<div class=\"elementor-widget-container\">\n\t\t\t\t\t<div class=\"elementor-button-wrapper\">\n\t\t\t<a class=\"elementor-button elementor-button-link elementor-size-sm\" href=\"https:\/\/heilpraxis-mkadner.de\/lebenslicht\/progressive-muskelrelaxation\/\">\n\t\t\t\t\t\t<span class=\"elementor-button-content-wrapper\">\n\t\t\t\t\t\t\t\t\t<span class=\"elementor-button-text\">Progressive Muskelrelaxation<\/span>\n\t\t\t\t\t<\/span>\n\t\t\t\t\t<\/a>\n\t\t<\/div>\n\t\t\t\t<\/div>\n\t\t\t\t<\/div>\n\t\t\t\t\t<\/div>\n\t\t<\/div>\n\t\t\t\t<div class=\"elementor-column elementor-col-50 elementor-top-column elementor-element elementor-element-5c3dc8b8\" data-id=\"5c3dc8b8\" data-element_type=\"column\">\n\t\t\t<div class=\"elementor-widget-wrap elementor-element-populated\">\n\t\t\t\t\t\t<div class=\"elementor-element elementor-element-26be6afa animated-fast elementor-invisible elementor-widget elementor-widget-image\" data-id=\"26be6afa\" data-element_type=\"widget\" data-settings=\"{&quot;_animation&quot;:&quot;fadeInUp&quot;}\" data-widget_type=\"image.default\">\n\t\t\t\t<div class=\"elementor-widget-container\">\n\t\t\t\t\t\t\t\t\t\t\t\t\t<img decoding=\"async\" width=\"1080\" height=\"800\" src=\"https:\/\/heilpraxis-mkadner.de\/wp-content\/uploads\/sites\/2\/2024\/01\/Entspannungstechniken_Stressreduktion.jpg\" class=\"attachment-full size-full wp-image-582\" alt=\"\" srcset=\"https:\/\/heilpraxis-mkadner.de\/wp-content\/uploads\/sites\/2\/2024\/01\/Entspannungstechniken_Stressreduktion.jpg 1080w, https:\/\/heilpraxis-mkadner.de\/wp-content\/uploads\/sites\/2\/2024\/01\/Entspannungstechniken_Stressreduktion-300x222.jpg 300w, https:\/\/heilpraxis-mkadner.de\/wp-content\/uploads\/sites\/2\/2024\/01\/Entspannungstechniken_Stressreduktion-1024x759.jpg 1024w, https:\/\/heilpraxis-mkadner.de\/wp-content\/uploads\/sites\/2\/2024\/01\/Entspannungstechniken_Stressreduktion-768x569.jpg 768w, https:\/\/heilpraxis-mkadner.de\/wp-content\/uploads\/sites\/2\/2024\/01\/Entspannungstechniken_Stressreduktion-650x481.jpg 650w\" sizes=\"(max-width: 1080px) 100vw, 1080px\" title=\"\">\t\t\t\t\t\t\t\t\t\t\t\t\t<\/div>\n\t\t\t\t<\/div>\n\t\t\t\t\t<\/div>\n\t\t<\/div>\n\t\t\t\t\t<\/div>\n\t\t<\/section>\n\t\t\t\t<\/div>\n\t\t","protected":false},"excerpt":{"rendered":"<p>Entspannungsverfahren In unserem hektischen Alltag ist die F\u00e4higkeit zur Entspannung wichtiger denn je. Bei &#8222;Lebenslicht \u2013 Zentrum f\u00fcr selbstbestimmte Gesundheit und Lebensenergie&#8220; [&hellip;]<\/p>\n","protected":false},"author":1,"featured_media":0,"parent":0,"menu_order":0,"comment_status":"closed","ping_status":"closed","template":"","meta":{"rank_math_lock_modified_date":false,"footnotes":""},"class_list":["post-362","page","type-page","status-publish","hentry"],"_links":{"self":[{"href":"https:\/\/heilpraxis-mkadner.de\/lebenslicht\/wp-json\/wp\/v2\/pages\/362"}],"collection":[{"href":"https:\/\/heilpraxis-mkadner.de\/lebenslicht\/wp-json\/wp\/v2\/pages"}],"about":[{"href":"https:\/\/heilpraxis-mkadner.de\/lebenslicht\/wp-json\/wp\/v2\/types\/page"}],"author":[{"embeddable":true,"href":"https:\/\/heilpraxis-mkadner.de\/lebenslicht\/wp-json\/wp\/v2\/users\/1"}],"replies":[{"embeddable":true,"href":"https:\/\/heilpraxis-mkadner.de\/lebenslicht\/wp-json\/wp\/v2\/comments?post=362"}],"version-history":[{"count":0,"href":"https:\/\/heilpraxis-mkadner.de\/lebenslicht\/wp-json\/wp\/v2\/pages\/362\/revisions"}],"wp:attachment":[{"href":"https:\/\/heilpraxis-mkadner.de\/lebenslicht\/wp-json\/wp\/v2\/media?parent=362"}],"curies":[{"name":"wp","href":"https:\/\/api.w.org\/{rel}","templated":true}]}}