{"id":1139,"date":"2024-02-27T19:04:28","date_gmt":"2024-02-27T18:04:28","guid":{"rendered":"https:\/\/heilpraxis-mkadner.de\/lebenslicht\/?page_id=1139"},"modified":"2024-06-27T18:07:24","modified_gmt":"2024-06-27T16:07:24","slug":"impressum","status":"publish","type":"page","link":"https:\/\/heilpraxis-mkadner.de\/lebenslicht\/impressum\/","title":{"rendered":"Impressum"},"content":{"rendered":"\t\t<div data-elementor-type=\"wp-page\" data-elementor-id=\"1139\" class=\"elementor elementor-1139\" data-elementor-post-type=\"page\">\n\t\t\t\t<div class=\"elementor-element elementor-element-8d4d26a e-flex e-con-boxed e-con e-parent\" data-id=\"8d4d26a\" data-element_type=\"container\">\n\t\t\t\t\t<div class=\"e-con-inner\">\n\t\t\t\t\t<\/div>\n\t\t\t\t<\/div>\n\t\t<div class=\"elementor-element elementor-element-2bd0637 e-flex e-con-boxed e-con e-parent\" data-id=\"2bd0637\" data-element_type=\"container\">\n\t\t\t\t\t<div class=\"e-con-inner\">\n\t\t\t\t<div class=\"elementor-element elementor-element-1e1b6dc elementor-widget elementor-widget-text-editor\" data-id=\"1e1b6dc\" data-element_type=\"widget\" data-widget_type=\"text-editor.default\">\n\t\t\t\t<div class=\"elementor-widget-container\">\n\t\t\t<style>\/*! elementor - v3.23.0 - 25-07-2024 *\/\n.elementor-widget-text-editor.elementor-drop-cap-view-stacked .elementor-drop-cap{background-color:#69727d;color:#fff}.elementor-widget-text-editor.elementor-drop-cap-view-framed .elementor-drop-cap{color:#69727d;border:3px solid;background-color:transparent}.elementor-widget-text-editor:not(.elementor-drop-cap-view-default) .elementor-drop-cap{margin-top:8px}.elementor-widget-text-editor:not(.elementor-drop-cap-view-default) .elementor-drop-cap-letter{width:1em;height:1em}.elementor-widget-text-editor .elementor-drop-cap{float:left;text-align:center;line-height:1;font-size:50px}.elementor-widget-text-editor .elementor-drop-cap-letter{display:inline-block}<\/style>\t\t\t\t<h2><b>Angaben gem\u00e4\u00df \u00a7 5 TMG<\/b><\/h2><p>Madeleine Kadner<br \/>Lebenslicht &#8211; Zentrum f\u00fcr selbstbestimmte Gesundheit und Lebensenergie<br \/>Schulze-Delitzsch-Str. 15<br \/>01279 Dresden<\/p><h2><b>Kontakt<\/b><\/h2><p>Telefon: +49 174 9719649<br \/>E-Mail: info@lebenslicht-madeleinekadner.de<\/p><h2><b style=\"font-size: 16px;\">Umsatzsteuer-ID<\/b><\/h2><p><span style=\"font-weight: 400;\">Umsatzsteuer-Identifikationsnummer gem\u00e4\u00df \u00a7 27 a Umsatzsteuergesetz:<\/span><span style=\"font-weight: 400;\"><br \/><\/span><span style=\"font-weight: 400;\">kein<\/span><\/p><h2><b>Aufsichtsbeh\u00f6rde<\/b><\/h2><p><span style=\"font-weight: 400;\">Gesundheitsamt der Stadt Dresden<\/span><span style=\"font-weight: 400;\"><br \/><\/span><span style=\"font-weight: 400;\">Ostra-Allee 9<\/span><span style=\"font-weight: 400;\"><br \/><\/span><span style=\"font-weight: 400;\">01067 Dresden<\/span><\/p><p><a href=\"https:\/\/www.dresden.de\/de\/rathaus\/aemter-und-einrichtungen\/oe\/dborg\/stadt_dresden_6590.php\" target=\"_blank\" rel=\"noopener\"><span style=\"font-weight: 400;\">Link zur Webseite<\/span><\/a><\/p><h2><b>Berufsbezeichnung und berufsrechtliche Regelungen<\/b><\/h2><p><span style=\"font-weight: 400;\">Berufsbezeichnung:<\/span><span style=\"font-weight: 400;\"><br \/><\/span><span style=\"font-weight: 400;\">Heilpraktiker<\/span><\/p><p><span style=\"font-weight: 400;\">Zust\u00e4ndige Kammer:<\/span><span style=\"font-weight: 400;\"><br \/><\/span><span style=\"font-weight: 400;\">Gesundheitsamt der Stadt Dresden<\/span><\/p><p><span style=\"font-weight: 400;\">Heilpraktiker (verliehen in der Bundesrepublik Deutschland)<\/span><\/p><p><span style=\"font-weight: 400;\">Die Erlaubnis nach \u00a7 1 Abs. 1 des Heilpraktikergesetzes wurde mir am\u00a0<\/span><span style=\"font-weight: 400;\">25.05.2014<\/span><span style=\"font-weight: 400;\"> durch den Landkreis S\u00e4chsische Schweiz-Osterzgebirge<\/span><span style=\"font-weight: 400;\">\u00a0erteilt.<\/span><\/p><p><span style=\"font-weight: 400;\">Es gelten folgende berufsrechtliche Regelungen:<\/span><\/p><p><span style=\"font-weight: 400;\">Gesetz \u00fcber die berufsm\u00e4\u00dfige Aus\u00fcbung der Heilkunde ohne \u00e4rztliche Bestallung (Heilpraktikergesetz) und Durchf\u00fchrungsverordnung: Nachzulesen im Internet unter\u00a0<\/span><a href=\"http:\/\/www.gesetze-im-internet.de\/heilprg\/index.html\" target=\"_blank\" rel=\"noopener\"><span style=\"font-weight: 400;\">http:\/\/www.gesetze-im-internet.de\/heilprg\/index.html<\/span><\/a><span style=\"font-weight: 400;\">\u00a0und\u00a0<\/span><a href=\"http:\/\/www.gesetze-im-internet.de\/heilprgdv_1\/index.html\" target=\"_blank\" rel=\"noopener\"><span style=\"font-weight: 400;\">http:\/\/www.gesetze-im-internet.de\/heilprgdv_1\/index.html<\/span><\/a><\/p><p><span style=\"font-weight: 400;\">Leitlinien zur \u00dcberpr\u00fcfung von Heilpraktikeranw\u00e4rterinnen und -anw\u00e4rtern nach \u00a7 2 des Heilpraktikergesetzes in Verbindung mit \u00a7 2 Absatz 1 Buchstabe i der Ersten Durchf\u00fchrungsverordnung zum Heilpraktikergesetz, abrufbar unter\u00a0<\/span><a href=\"https:\/\/www.bundesanzeiger.de\/ebanzwww\/wexsservlet?page.navid=to_bookmark_official&amp;bookmark_id=d6Pk1lbZta8EPCulJuE\" target=\"_blank\" rel=\"noopener\"><span style=\"font-weight: 400;\">https:\/\/www.bundesanzeiger.de\/ebanzwww\/wexsservlet?page.navid=to_bookmark_official&amp;bookmark_id=d6Pk1lbZta8EPCulJuE<\/span><\/a><\/p><p><b>Verbandsmitgliedschaft &amp; Verhaltenskodex:<\/b><b><\/b><\/p><p><span style=\"font-weight: 400;\">Mitglied im Verband:<\/span><\/p><p><span style=\"font-weight: 400;\">Berufs- und Fachverband Freie Heilpraktiker e.V.<\/span><span style=\"font-weight: 400;\"><br \/><\/span><a href=\"http:\/\/www.freieheilpraktiker.com\/\" target=\"_blank\" rel=\"noopener\"><span style=\"font-weight: 400;\">http:\/\/www.freieheilpraktiker.com<\/span><\/a><\/p><p><span style=\"font-weight: 400;\">Es gilt die verbandsrechtliche Berufsordnung. Die Regelungen sind einsehbar unter:\u00a0<\/span><a href=\"https:\/\/freieheilpraktiker.com\/verband\/berufsbild\/60-berufsordnung\" target=\"_blank\" rel=\"noopener\"><span style=\"font-weight: 400;\">https:\/\/freieheilpraktiker.com\/verband\/berufsbild\/60-berufsordnung<\/span><\/a><\/p><h2><b>\u00a0<\/b><\/h2><h2><b>Redaktionell verantwortlich<\/b><\/h2><p><span style=\"font-weight: 400;\">Madeleine Kadner<\/span><\/p><h2><b>EU-Streitschlichtung<\/b><\/h2><p><span style=\"font-weight: 400;\">Die Europ\u00e4ische Kommission stellt eine Plattform zur Online-Streitbeilegung (OS) bereit: <\/span><a href=\"https:\/\/ec.europa.eu\/consumers\/odr\/\" target=\"_blank\" rel=\"noopener\"><span style=\"font-weight: 400;\">https:\/\/ec.europa.eu\/consumers\/odr\/<\/span><\/a><span style=\"font-weight: 400;\">.<\/span><span style=\"font-weight: 400;\"><br \/><\/span><span style=\"font-weight: 400;\">Unsere E-Mail-Adresse finden Sie oben im Impressum.<\/span><\/p><h2><b>Verbraucher\u00adstreit\u00adbeilegung\/Universal\u00adschlichtungs\u00adstelle<\/b><\/h2><p><span style=\"font-weight: 400;\">Wir sind nicht bereit oder verpflichtet, an Streitbeilegungsverfahren vor einer Verbraucherschlichtungsstelle teilzunehmen.<\/span><\/p><p><span id=\"docs-internal-guid-9a54127c-7fff-090d-dfb9-ab96d8c02f7b\"><span style=\"font-size: 10pt; font-family: 'Open Sans', sans-serif; color: #474747; font-weight: bold; font-variant-numeric: normal; font-variant-east-asian: normal; font-variant-alternates: normal; font-variant-position: normal; vertical-align: baseline; white-space-collapse: preserve;\">Hinweis: Die auf dieser Website beschriebenen Verfahren sind wissenschaftlich umstritten; sie werden von der Schulmedizin nicht anerkannt. Beschriebene Folgen einer Behandlung beruhen ausschlie\u00dflich auf Erfahrungswissen. Wissenschaftliche Nachweise \u00fcber die Wirkungen nach den anerkannten Regeln und Grunds\u00e4tzen wissenschaftlicher Forschung liegen nicht vor. Der Verlauf einer Behandlung h\u00e4ngt zudem stets von individuellen Faktoren des Patienten ab. Eine konkrete Wirkung kann deshalb nicht zugesichert werden<\/span><\/span><span style=\"font-weight: 400;\"><br \/><\/span><\/p><h3><span style=\"font-weight: 400;\">Haftung f\u00fcr Inhalte\u00a0<\/span><\/h3><p><span style=\"font-weight: 400;\">\u00a0<\/span><\/p><p><span style=\"font-weight: 400;\">Als Diensteanbieter sind wir gem\u00e4\u00df \u00a7 7 Abs.1 TMG f\u00fcr eigene Inhalte auf diesen Seiten nach den allgemeinen Gesetzen verantwortlich. Nach \u00a7\u00a7 8 bis 10 TMG sind wir als Diensteanbieter jedoch nicht verpflichtet, \u00fcbermittelte oder gespeicherte fremde Informationen zu \u00fcberwachen oder nach Umst\u00e4nden zu forschen, die auf eine rechtswidrige T\u00e4tigkeit hinweisen.\u00a0<\/span><\/p><p><span style=\"font-weight: 400;\">Verpflichtungen zur Entfernung oder Sperrung der Nutzung von Informationen nach den allgemeinen Gesetzen bleiben hiervon unber\u00fchrt. Eine diesbez\u00fcgliche Haftung ist jedoch erst ab dem Zeitpunkt der Kenntnis einer konkreten Rechtsverletzung m\u00f6glich. Bei Bekanntwerden von entsprechenden Rechtsverletzungen werden wir diese Inhalte umgehend entfernen.\u00a0<\/span><\/p><p><span style=\"font-weight: 400;\">\u00a0<\/span><\/p><h3><span style=\"font-weight: 400;\">Haftung f\u00fcr Links\u00a0<\/span><\/h3><p><span style=\"font-weight: 400;\">\u00a0<\/span><\/p><p><span style=\"font-weight: 400;\">Unser Angebot enth\u00e4lt Links zu externen Websites Dritter, auf deren Inhalte wir keinen Einfluss haben. Deshalb k\u00f6nnen wir f\u00fcr diese fremden Inhalte auch keine Gew\u00e4hr \u00fcbernehmen. F\u00fcr die Inhalte der verlinkten Seiten ist stets der jeweilige Anbieter oder Betreiber der Seiten verantwortlich. Die verlinkten Seiten wurden zum Zeitpunkt der Verlinkung auf m\u00f6gliche Rechtsverst\u00f6\u00dfe \u00fcberpr\u00fcft. Rechtswidrige Inhalte waren zum Zeitpunkt der Verlinkung nicht erkennbar.\u00a0<\/span><\/p><p><span style=\"font-weight: 400;\">Eine permanente inhaltliche Kontrolle der verlinkten Seiten ist jedoch ohne konkrete Anhaltspunkte einer Rechtsverletzung nicht zumutbar. Bei Bekanntwerden von Rechtsverletzungen werden wir derartige Links umgehend entfernen.\u00a0<\/span><\/p><p><span style=\"font-weight: 400;\">\u00a0<\/span><\/p><h3><span style=\"font-weight: 400;\">Urheberrecht\u00a0<\/span><\/h3><p><span style=\"font-weight: 400;\">\u00a0<\/span><\/p><p><span style=\"font-weight: 400;\">Die durch die Seitenbetreiber erstellten Inhalte und Werke auf diesen Seiten unterliegen dem deutschen Urheberrecht. Die Vervielf\u00e4ltigung, Bearbeitung, Verbreitung und jede Art der Verwertung au\u00dferhalb der Grenzen des Urheberrechtes bed\u00fcrfen der schriftlichen Zustimmung des jeweiligen Autors bzw. Erstellers. Downloads und Kopien dieser Seite sind nur f\u00fcr den privaten, nicht kommerziellen Gebrauch gestattet.\u00a0<\/span><\/p><p><span style=\"font-weight: 400;\">Soweit die Inhalte auf dieser Seite nicht vom Betreiber erstellt wurden, werden die Urheberrechte Dritter beachtet. Insbesondere werden Inhalte Dritter als solche gekennzeichnet. Sollten Sie trotzdem auf eine Urheberrechtsverletzung aufmerksam werden, bitten wir um einen entsprechenden Hinweis. Bei Bekanntwerden von Rechtsverletzungen werden wir derartige Inhalte umgehend entfernen.\u00a0<\/span><\/p><p><span style=\"font-weight: 400;\">\u00a0<\/span><\/p><p><span style=\"font-weight: 400;\">Quelle: <\/span><a href=\"https:\/\/www.e-recht24.de\/\" target=\"_blank\" rel=\"noopener\"><span style=\"font-weight: 400;\">https:\/\/www.e-recht24.de<\/span><\/a><\/p>\t\t\t\t\t\t<\/div>\n\t\t\t\t<\/div>\n\t\t\t\t\t<\/div>\n\t\t\t\t<\/div>\n\t\t\t\t<\/div>\n\t\t","protected":false},"excerpt":{"rendered":"<p>Angaben gem\u00e4\u00df \u00a7 5 TMG Madeleine KadnerLebenslicht &#8211; Zentrum f\u00fcr selbstbestimmte Gesundheit und LebensenergieSchulze-Delitzsch-Str. 1501279 Dresden Kontakt Telefon: +49 174 9719649E-Mail: info@lebenslicht-madeleinekadner.de [&hellip;]<\/p>\n","protected":false},"author":1,"featured_media":0,"parent":0,"menu_order":0,"comment_status":"closed","ping_status":"closed","template":"","meta":{"rank_math_lock_modified_date":false,"footnotes":""},"class_list":["post-1139","page","type-page","status-publish","hentry"],"_links":{"self":[{"href":"https:\/\/heilpraxis-mkadner.de\/lebenslicht\/wp-json\/wp\/v2\/pages\/1139"}],"collection":[{"href":"https:\/\/heilpraxis-mkadner.de\/lebenslicht\/wp-json\/wp\/v2\/pages"}],"about":[{"href":"https:\/\/heilpraxis-mkadner.de\/lebenslicht\/wp-json\/wp\/v2\/types\/page"}],"author":[{"embeddable":true,"href":"https:\/\/heilpraxis-mkadner.de\/lebenslicht\/wp-json\/wp\/v2\/users\/1"}],"replies":[{"embeddable":true,"href":"https:\/\/heilpraxis-mkadner.de\/lebenslicht\/wp-json\/wp\/v2\/comments?post=1139"}],"version-history":[{"count":0,"href":"https:\/\/heilpraxis-mkadner.de\/lebenslicht\/wp-json\/wp\/v2\/pages\/1139\/revisions"}],"wp:attachment":[{"href":"https:\/\/heilpraxis-mkadner.de\/lebenslicht\/wp-json\/wp\/v2\/media?parent=1139"}],"curies":[{"name":"wp","href":"https:\/\/api.w.org\/{rel}","templated":true}]}}