{"id":367,"date":"2024-02-21T18:24:05","date_gmt":"2024-02-21T17:24:05","guid":{"rendered":"http:\/\/heilpraxis-mkadner.de\/lebenslicht\/?page_id=367"},"modified":"2024-03-18T18:45:35","modified_gmt":"2024-03-18T17:45:35","slug":"aromaanwendungen-dresden","status":"publish","type":"page","link":"http:\/\/heilpraxis-mkadner.de\/lebenslicht\/aromaanwendungen-dresden\/","title":{"rendered":"Aromaanwendungen"},"content":{"rendered":"\t\t<div data-elementor-type=\"wp-page\" data-elementor-id=\"367\" class=\"elementor elementor-367\" data-elementor-post-type=\"page\">\n\t\t\t\t\t\t<div class=\"elementor-section elementor-top-section elementor-element elementor-element-1ae50df elementor-section-height-min-height elementor-section-boxed elementor-section-height-default elementor-section-items-middle\" data-id=\"1ae50df\" data-element_type=\"section\" data-settings=\"{&quot;background_background&quot;:&quot;classic&quot;}\">\n\t\t\t\t\t\t\t<div class=\"elementor-background-overlay\"><\/div>\n\t\t\t\t\t\t\t<div class=\"elementor-container elementor-column-gap-default\">\n\t\t\t\t\t<div class=\"elementor-column elementor-col-100 elementor-top-column elementor-element elementor-element-1ec50a44\" data-id=\"1ec50a44\" data-element_type=\"column\">\n\t\t\t<div class=\"elementor-widget-wrap elementor-element-populated\">\n\t\t\t\t\t\t<div class=\"elementor-element elementor-element-502939c4 elementor-widget elementor-widget-spacer\" data-id=\"502939c4\" data-element_type=\"widget\" data-widget_type=\"spacer.default\">\n\t\t\t\t<div class=\"elementor-widget-container\">\n\t\t\t<style>\/*! elementor - v3.23.0 - 25-07-2024 *\/\n.elementor-column .elementor-spacer-inner{height:var(--spacer-size)}.e-con{--container-widget-width:100%}.e-con-inner>.elementor-widget-spacer,.e-con>.elementor-widget-spacer{width:var(--container-widget-width,var(--spacer-size));--align-self:var(--container-widget-align-self,initial);--flex-shrink:0}.e-con-inner>.elementor-widget-spacer>.elementor-widget-container,.e-con>.elementor-widget-spacer>.elementor-widget-container{height:100%;width:100%}.e-con-inner>.elementor-widget-spacer>.elementor-widget-container>.elementor-spacer,.e-con>.elementor-widget-spacer>.elementor-widget-container>.elementor-spacer{height:100%}.e-con-inner>.elementor-widget-spacer>.elementor-widget-container>.elementor-spacer>.elementor-spacer-inner,.e-con>.elementor-widget-spacer>.elementor-widget-container>.elementor-spacer>.elementor-spacer-inner{height:var(--container-widget-height,var(--spacer-size))}.e-con-inner>.elementor-widget-spacer.elementor-widget-empty,.e-con>.elementor-widget-spacer.elementor-widget-empty{position:relative;min-height:22px;min-width:22px}.e-con-inner>.elementor-widget-spacer.elementor-widget-empty .elementor-widget-empty-icon,.e-con>.elementor-widget-spacer.elementor-widget-empty .elementor-widget-empty-icon{position:absolute;top:0;bottom:0;left:0;right:0;margin:auto;padding:0;width:22px;height:22px}<\/style>\t\t<div class=\"elementor-spacer\">\n\t\t\t<div class=\"elementor-spacer-inner\"><\/div>\n\t\t<\/div>\n\t\t\t\t<\/div>\n\t\t\t\t<\/div>\n\t\t\t\t<div class=\"elementor-element elementor-element-63c15da1 elementor-widget elementor-widget-heading\" data-id=\"63c15da1\" data-element_type=\"widget\" data-widget_type=\"heading.default\">\n\t\t\t\t<div class=\"elementor-widget-container\">\n\t\t\t<style>\/*! elementor - v3.23.0 - 25-07-2024 *\/\n.elementor-heading-title{padding:0;margin:0;line-height:1}.elementor-widget-heading .elementor-heading-title[class*=elementor-size-]>a{color:inherit;font-size:inherit;line-height:inherit}.elementor-widget-heading .elementor-heading-title.elementor-size-small{font-size:15px}.elementor-widget-heading .elementor-heading-title.elementor-size-medium{font-size:19px}.elementor-widget-heading .elementor-heading-title.elementor-size-large{font-size:29px}.elementor-widget-heading .elementor-heading-title.elementor-size-xl{font-size:39px}.elementor-widget-heading .elementor-heading-title.elementor-size-xxl{font-size:59px}<\/style><h1 class=\"elementor-heading-title elementor-size-default\">Aromaanwendungen\n<\/h1>\t\t<\/div>\n\t\t\t\t<\/div>\n\t\t\t\t<div class=\"elementor-element elementor-element-790ab05 elementor-widget elementor-widget-text-editor\" data-id=\"790ab05\" data-element_type=\"widget\" data-widget_type=\"text-editor.default\">\n\t\t\t\t<div class=\"elementor-widget-container\">\n\t\t\t<style>\/*! elementor - v3.23.0 - 25-07-2024 *\/\n.elementor-widget-text-editor.elementor-drop-cap-view-stacked .elementor-drop-cap{background-color:#69727d;color:#fff}.elementor-widget-text-editor.elementor-drop-cap-view-framed .elementor-drop-cap{color:#69727d;border:3px solid;background-color:transparent}.elementor-widget-text-editor:not(.elementor-drop-cap-view-default) .elementor-drop-cap{margin-top:8px}.elementor-widget-text-editor:not(.elementor-drop-cap-view-default) .elementor-drop-cap-letter{width:1em;height:1em}.elementor-widget-text-editor .elementor-drop-cap{float:left;text-align:center;line-height:1;font-size:50px}.elementor-widget-text-editor .elementor-drop-cap-letter{display:inline-block}<\/style>\t\t\t\tWillkommen in der faszinierenden Welt der Aromaanwendungen bei Lebenslicht \u2013 Zentrum f\u00fcr selbstbestimmte Gesundheit und Lebensenergie in Dresden. Hier entdecken Sie die wohltuende Kraft \u00e4therischer \u00d6le, die nicht nur Ihre Sinne beleben, sondern auch einen tiefgreifenden Einfluss auf Ihre Gesundheit haben.\t\t\t\t\t\t<\/div>\n\t\t\t\t<\/div>\n\t\t\t\t<div class=\"elementor-element elementor-element-50fc7a68 elementor-align-center elementor-invisible elementor-widget elementor-widget-button\" data-id=\"50fc7a68\" data-element_type=\"widget\" data-settings=\"{&quot;_animation&quot;:&quot;fadeInUp&quot;}\" data-widget_type=\"button.default\">\n\t\t\t\t<div class=\"elementor-widget-container\">\n\t\t\t\t\t<div class=\"elementor-button-wrapper\">\n\t\t\t<a class=\"elementor-button elementor-button-link elementor-size-sm\" href=\"https:\/\/heilpraxis-mkadner.de\/lebenslicht\/erstgespraech-vereinbaren\/\">\n\t\t\t\t\t\t<span class=\"elementor-button-content-wrapper\">\n\t\t\t\t\t\t\t\t\t<span class=\"elementor-button-text\">Kostenloses Erstgespr\u00e4ch<\/span>\n\t\t\t\t\t<\/span>\n\t\t\t\t\t<\/a>\n\t\t<\/div>\n\t\t\t\t<\/div>\n\t\t\t\t<\/div>\n\t\t\t\t\t<\/div>\n\t\t<\/div>\n\t\t\t\t\t<\/div>\n\t\t<\/div>\n\t\t\t\t<section class=\"elementor-section elementor-top-section elementor-element elementor-element-683b0288 elementor-reverse-mobile elementor-section-boxed elementor-section-height-default elementor-section-height-default\" data-id=\"683b0288\" data-element_type=\"section\">\n\t\t\t\t\t\t<div class=\"elementor-container elementor-column-gap-default\">\n\t\t\t\t\t<div class=\"elementor-column elementor-col-50 elementor-top-column elementor-element elementor-element-3f56e1a7\" data-id=\"3f56e1a7\" data-element_type=\"column\">\n\t\t\t<div class=\"elementor-widget-wrap elementor-element-populated\">\n\t\t\t\t\t\t<div class=\"elementor-element elementor-element-1796a0e5 elementor-widget elementor-widget-heading\" data-id=\"1796a0e5\" data-element_type=\"widget\" data-widget_type=\"heading.default\">\n\t\t\t\t<div class=\"elementor-widget-container\">\n\t\t\t<h2 class=\"elementor-heading-title elementor-size-default\">Emotionale Balance durch \u00e4therische \u00d6le<\/h2>\t\t<\/div>\n\t\t\t\t<\/div>\n\t\t\t\t<div class=\"elementor-element elementor-element-703ec158 elementor-widget__width-initial elementor-widget-tablet__width-initial elementor-widget-mobile__width-inherit  ui-split-animate ui-splitby-lines elementor-widget elementor-widget-text-editor\" data-id=\"703ec158\" data-element_type=\"widget\" data-settings=\"{&quot;ui_animate_split&quot;:&quot;ui-split-animate&quot;,&quot;ui_animate_split_by&quot;:&quot;lines&quot;,&quot;ui_animate_split_style&quot;:&quot;fadeInUp&quot;}\" data-widget_type=\"text-editor.default\">\n\t\t\t\t<div class=\"elementor-widget-container\">\n\t\t\t\t\t\t\t<p><span style=\"font-weight: 400;\">Die Anwendung \u00e4therischer \u00d6le z.B. durch Kaltvernebeln im Diffusor kann helfen, emotionale Ungleichgewichte auszubalancieren.\u00a0<\/span><\/p><p><span style=\"font-weight: 400;\">Aroma\u00f6le aktivieren \u00fcber das limbische System die emotionale Ebene und k\u00f6nnen auch unterbewusste Blockaden l\u00f6sen, ohne sie bewusst geistig zu verarbeiten. Dadurch k\u00f6nnen sie sowohl Entspannungsverfahren als auch Coaching-Prozesse zus\u00e4tzlich unterst\u00fctzen.<\/span><\/p><p><span style=\"font-weight: 400;\">Beliebte \u00d6le sind dabei Lavendel, Bergamotte oder Wild Orange, aber auch Weihrauch, Vetiver oder Sandelholz.\u00a0<\/span><\/p>\t\t\t\t\t\t<\/div>\n\t\t\t\t<\/div>\n\t\t\t\t\t<\/div>\n\t\t<\/div>\n\t\t\t\t<div class=\"elementor-column elementor-col-50 elementor-top-column elementor-element elementor-element-2e578ff5\" data-id=\"2e578ff5\" data-element_type=\"column\">\n\t\t\t<div class=\"elementor-widget-wrap elementor-element-populated\">\n\t\t\t\t\t\t<div class=\"elementor-element elementor-element-6cd2247c animated-fast elementor-invisible elementor-widget elementor-widget-image\" data-id=\"6cd2247c\" data-element_type=\"widget\" data-settings=\"{&quot;_animation&quot;:&quot;fadeInUp&quot;}\" data-widget_type=\"image.default\">\n\t\t\t\t<div class=\"elementor-widget-container\">\n\t\t\t<style>\/*! elementor - v3.23.0 - 25-07-2024 *\/\n.elementor-widget-image{text-align:center}.elementor-widget-image a{display:inline-block}.elementor-widget-image a img[src$=\".svg\"]{width:48px}.elementor-widget-image img{vertical-align:middle;display:inline-block}<\/style>\t\t\t\t\t\t\t\t\t\t<img fetchpriority=\"high\" decoding=\"async\" width=\"1080\" height=\"800\" src=\"http:\/\/heilpraxis-mkadner.de\/wp-content\/uploads\/sites\/2\/2024\/01\/Essenzielle_Oele_Aroma_Relax.jpg\" class=\"attachment-full size-full wp-image-591\" alt=\"\" srcset=\"http:\/\/heilpraxis-mkadner.de\/wp-content\/uploads\/sites\/2\/2024\/01\/Essenzielle_Oele_Aroma_Relax.jpg 1080w, http:\/\/heilpraxis-mkadner.de\/wp-content\/uploads\/sites\/2\/2024\/01\/Essenzielle_Oele_Aroma_Relax-300x222.jpg 300w, http:\/\/heilpraxis-mkadner.de\/wp-content\/uploads\/sites\/2\/2024\/01\/Essenzielle_Oele_Aroma_Relax-1024x759.jpg 1024w, http:\/\/heilpraxis-mkadner.de\/wp-content\/uploads\/sites\/2\/2024\/01\/Essenzielle_Oele_Aroma_Relax-768x569.jpg 768w, http:\/\/heilpraxis-mkadner.de\/wp-content\/uploads\/sites\/2\/2024\/01\/Essenzielle_Oele_Aroma_Relax-650x481.jpg 650w\" sizes=\"(max-width: 1080px) 100vw, 1080px\" title=\"\">\t\t\t\t\t\t\t\t\t\t\t\t\t<\/div>\n\t\t\t\t<\/div>\n\t\t\t\t\t<\/div>\n\t\t<\/div>\n\t\t\t\t\t<\/div>\n\t\t<\/section>\n\t\t\t\t<section class=\"elementor-section elementor-top-section elementor-element elementor-element-5fd5465f elementor-section-boxed elementor-section-height-default elementor-section-height-default\" data-id=\"5fd5465f\" data-element_type=\"section\" data-settings=\"{&quot;background_background&quot;:&quot;classic&quot;}\">\n\t\t\t\t\t\t\t<div class=\"elementor-background-overlay\"><\/div>\n\t\t\t\t\t\t\t<div class=\"elementor-container elementor-column-gap-default\">\n\t\t\t\t\t<div class=\"elementor-column elementor-col-50 elementor-top-column elementor-element elementor-element-6b6275c3\" data-id=\"6b6275c3\" data-element_type=\"column\">\n\t\t\t<div class=\"elementor-widget-wrap elementor-element-populated\">\n\t\t\t\t\t\t<div class=\"elementor-element elementor-element-2db398dd animated-fast elementor-invisible elementor-widget elementor-widget-image\" data-id=\"2db398dd\" data-element_type=\"widget\" data-settings=\"{&quot;_animation&quot;:&quot;fadeInUp&quot;}\" data-widget_type=\"image.default\">\n\t\t\t\t<div class=\"elementor-widget-container\">\n\t\t\t\t\t\t\t\t\t\t\t\t\t<img decoding=\"async\" width=\"1080\" height=\"800\" src=\"http:\/\/heilpraxis-mkadner.de\/wp-content\/uploads\/sites\/2\/2024\/01\/Aromatherapie_Anwendungen_Wellness.jpg\" class=\"attachment-full size-full wp-image-590\" alt=\"\" srcset=\"http:\/\/heilpraxis-mkadner.de\/wp-content\/uploads\/sites\/2\/2024\/01\/Aromatherapie_Anwendungen_Wellness.jpg 1080w, http:\/\/heilpraxis-mkadner.de\/wp-content\/uploads\/sites\/2\/2024\/01\/Aromatherapie_Anwendungen_Wellness-300x222.jpg 300w, http:\/\/heilpraxis-mkadner.de\/wp-content\/uploads\/sites\/2\/2024\/01\/Aromatherapie_Anwendungen_Wellness-1024x759.jpg 1024w, http:\/\/heilpraxis-mkadner.de\/wp-content\/uploads\/sites\/2\/2024\/01\/Aromatherapie_Anwendungen_Wellness-768x569.jpg 768w, http:\/\/heilpraxis-mkadner.de\/wp-content\/uploads\/sites\/2\/2024\/01\/Aromatherapie_Anwendungen_Wellness-650x481.jpg 650w\" sizes=\"(max-width: 1080px) 100vw, 1080px\" title=\"\">\t\t\t\t\t\t\t\t\t\t\t\t\t<\/div>\n\t\t\t\t<\/div>\n\t\t\t\t\t<\/div>\n\t\t<\/div>\n\t\t\t\t<div class=\"elementor-column elementor-col-50 elementor-top-column elementor-element elementor-element-4e386802\" data-id=\"4e386802\" data-element_type=\"column\">\n\t\t\t<div class=\"elementor-widget-wrap elementor-element-populated\">\n\t\t\t\t\t\t<div class=\"elementor-element elementor-element-47658a36 elementor-widget elementor-widget-heading\" data-id=\"47658a36\" data-element_type=\"widget\" data-widget_type=\"heading.default\">\n\t\t\t\t<div class=\"elementor-widget-container\">\n\t\t\t<h2 class=\"elementor-heading-title elementor-size-default\">Pflanzenkraft: Beruhigung & Anregung<\/h2>\t\t<\/div>\n\t\t\t\t<\/div>\n\t\t\t\t<div class=\"elementor-element elementor-element-620b5b39 elementor-widget__width-initial elementor-widget-tablet__width-initial elementor-widget-mobile__width-inherit  ui-split-animate ui-splitby-lines elementor-widget elementor-widget-text-editor\" data-id=\"620b5b39\" data-element_type=\"widget\" data-settings=\"{&quot;ui_animate_split&quot;:&quot;ui-split-animate&quot;,&quot;ui_animate_split_by&quot;:&quot;lines&quot;,&quot;ui_animate_split_style&quot;:&quot;fadeInUp&quot;}\" data-widget_type=\"text-editor.default\">\n\t\t\t\t<div class=\"elementor-widget-container\">\n\t\t\t\t\t\t\tDiese \u00d6le und viele weitere\nwerden aus verschiedenen Teilen von Pflanzen wie Bl\u00e4ttern, Bl\u00fcten, Rinden und Wurzeln \ngewonnen und besitzen einzigartige Eigenschaften, die sowohl beruhigend als auch \nanregend wirken k\u00f6nnen.\n\t\t\t\t\t\t<\/div>\n\t\t\t\t<\/div>\n\t\t\t\t<div class=\"elementor-element elementor-element-fb93dd5 elementor-align-left elementor-invisible elementor-widget elementor-widget-button\" data-id=\"fb93dd5\" data-element_type=\"widget\" data-settings=\"{&quot;_animation&quot;:&quot;fadeInUp&quot;}\" data-widget_type=\"button.default\">\n\t\t\t\t<div class=\"elementor-widget-container\">\n\t\t\t\t\t<div class=\"elementor-button-wrapper\">\n\t\t\t<a class=\"elementor-button elementor-button-link elementor-size-sm\" href=\"https:\/\/heilpraxis-mkadner.de\/lebenslicht\/erstgespraech-vereinbaren\/\">\n\t\t\t\t\t\t<span class=\"elementor-button-content-wrapper\">\n\t\t\t\t\t\t\t\t\t<span class=\"elementor-button-text\">Termin vereinbaren!<\/span>\n\t\t\t\t\t<\/span>\n\t\t\t\t\t<\/a>\n\t\t<\/div>\n\t\t\t\t<\/div>\n\t\t\t\t<\/div>\n\t\t\t\t<div class=\"elementor-element elementor-element-67ac04d3 elementor-widget elementor-widget-spacer\" data-id=\"67ac04d3\" data-element_type=\"widget\" data-widget_type=\"spacer.default\">\n\t\t\t\t<div class=\"elementor-widget-container\">\n\t\t\t\t\t<div class=\"elementor-spacer\">\n\t\t\t<div class=\"elementor-spacer-inner\"><\/div>\n\t\t<\/div>\n\t\t\t\t<\/div>\n\t\t\t\t<\/div>\n\t\t\t\t\t<\/div>\n\t\t<\/div>\n\t\t\t\t\t<\/div>\n\t\t<\/section>\n\t\t\t\t<section class=\"elementor-section elementor-top-section elementor-element elementor-element-612d8988 elementor-reverse-mobile elementor-section-boxed elementor-section-height-default elementor-section-height-default\" data-id=\"612d8988\" data-element_type=\"section\">\n\t\t\t\t\t\t<div class=\"elementor-container elementor-column-gap-default\">\n\t\t\t\t\t<div class=\"elementor-column elementor-col-50 elementor-top-column elementor-element elementor-element-2e078360\" data-id=\"2e078360\" data-element_type=\"column\">\n\t\t\t<div class=\"elementor-widget-wrap elementor-element-populated\">\n\t\t\t\t\t\t<div class=\"elementor-element elementor-element-18e30e54 elementor-widget elementor-widget-heading\" data-id=\"18e30e54\" data-element_type=\"widget\" data-widget_type=\"heading.default\">\n\t\t\t\t<div class=\"elementor-widget-container\">\n\t\t\t<h2 class=\"elementor-heading-title elementor-size-default\">Qualit\u00e4t z\u00e4hlt: Die Reinheit \u00e4therischer \u00d6le<\/h2>\t\t<\/div>\n\t\t\t\t<\/div>\n\t\t\t\t<div class=\"elementor-element elementor-element-5e32b939 elementor-widget__width-initial elementor-widget-tablet__width-initial elementor-widget-mobile__width-inherit  ui-split-animate ui-splitby-lines elementor-widget elementor-widget-text-editor\" data-id=\"5e32b939\" data-element_type=\"widget\" data-settings=\"{&quot;ui_animate_split&quot;:&quot;ui-split-animate&quot;,&quot;ui_animate_split_by&quot;:&quot;lines&quot;,&quot;ui_animate_split_style&quot;:&quot;fadeInUp&quot;}\" data-widget_type=\"text-editor.default\">\n\t\t\t\t<div class=\"elementor-widget-container\">\n\t\t\t\t\t\t\tDie Herkunft und Gewinnung dieser \u00d6le spielen eine entscheidende Rolle in ihrer Qualit\u00e4t undWirksamkeit. Bei Lebenslicht wird gro\u00dfer Wert darauf gelegt, nur reinste und hochwertige \u00d6le f\u00fcr die Aromaanwendungen zu verwenden. \nDie vielf\u00e4ltigen Einsatzm\u00f6glichkeiten von \u00e4therischen \u00d6len reichen von der Stressreduktion \n\u00fcber die Verbesserung der Schlafqualit\u00e4t bis hin zur Linderung von Muskelverspannungen \nund F\u00f6rderung der mentalen Klarheit.\n\t\t\t\t\t\t<\/div>\n\t\t\t\t<\/div>\n\t\t\t\t<div class=\"elementor-element elementor-element-5c5b2b39 elementor-hidden-mobile elementor-widget elementor-widget-spacer\" data-id=\"5c5b2b39\" data-element_type=\"widget\" data-widget_type=\"spacer.default\">\n\t\t\t\t<div class=\"elementor-widget-container\">\n\t\t\t\t\t<div class=\"elementor-spacer\">\n\t\t\t<div class=\"elementor-spacer-inner\"><\/div>\n\t\t<\/div>\n\t\t\t\t<\/div>\n\t\t\t\t<\/div>\n\t\t\t\t<div class=\"elementor-element elementor-element-55419ba1 elementor-align-left elementor-invisible elementor-widget elementor-widget-button\" data-id=\"55419ba1\" data-element_type=\"widget\" data-settings=\"{&quot;_animation&quot;:&quot;fadeInUp&quot;}\" data-widget_type=\"button.default\">\n\t\t\t\t<div class=\"elementor-widget-container\">\n\t\t\t\t\t<div class=\"elementor-button-wrapper\">\n\t\t\t<a class=\"elementor-button elementor-button-link elementor-size-sm\" href=\"https:\/\/heilpraxis-mkadner.de\/lebenslicht\/erstgespraech-vereinbaren\/\">\n\t\t\t\t\t\t<span class=\"elementor-button-content-wrapper\">\n\t\t\t\t\t\t\t\t\t<span class=\"elementor-button-text\">Termin vereinbaren!<\/span>\n\t\t\t\t\t<\/span>\n\t\t\t\t\t<\/a>\n\t\t<\/div>\n\t\t\t\t<\/div>\n\t\t\t\t<\/div>\n\t\t\t\t\t<\/div>\n\t\t<\/div>\n\t\t\t\t<div class=\"elementor-column elementor-col-50 elementor-top-column elementor-element elementor-element-5787d1b1\" data-id=\"5787d1b1\" data-element_type=\"column\">\n\t\t\t<div class=\"elementor-widget-wrap elementor-element-populated\">\n\t\t\t\t\t\t<div class=\"elementor-element elementor-element-83e83d4 animated-fast elementor-invisible elementor-widget elementor-widget-image\" data-id=\"83e83d4\" data-element_type=\"widget\" data-settings=\"{&quot;_animation&quot;:&quot;fadeInUp&quot;}\" data-widget_type=\"image.default\">\n\t\t\t\t<div class=\"elementor-widget-container\">\n\t\t\t\t\t\t\t\t\t\t\t\t\t<img decoding=\"async\" width=\"1080\" height=\"800\" src=\"http:\/\/heilpraxis-mkadner.de\/wp-content\/uploads\/sites\/2\/2024\/01\/Aromaanwendungen_Gesundheit_Wohlbefinden.jpg\" class=\"attachment-full size-full wp-image-589\" alt=\"\" srcset=\"http:\/\/heilpraxis-mkadner.de\/wp-content\/uploads\/sites\/2\/2024\/01\/Aromaanwendungen_Gesundheit_Wohlbefinden.jpg 1080w, http:\/\/heilpraxis-mkadner.de\/wp-content\/uploads\/sites\/2\/2024\/01\/Aromaanwendungen_Gesundheit_Wohlbefinden-300x222.jpg 300w, http:\/\/heilpraxis-mkadner.de\/wp-content\/uploads\/sites\/2\/2024\/01\/Aromaanwendungen_Gesundheit_Wohlbefinden-1024x759.jpg 1024w, http:\/\/heilpraxis-mkadner.de\/wp-content\/uploads\/sites\/2\/2024\/01\/Aromaanwendungen_Gesundheit_Wohlbefinden-768x569.jpg 768w, http:\/\/heilpraxis-mkadner.de\/wp-content\/uploads\/sites\/2\/2024\/01\/Aromaanwendungen_Gesundheit_Wohlbefinden-650x481.jpg 650w\" sizes=\"(max-width: 1080px) 100vw, 1080px\" title=\"\">\t\t\t\t\t\t\t\t\t\t\t\t\t<\/div>\n\t\t\t\t<\/div>\n\t\t\t\t\t<\/div>\n\t\t<\/div>\n\t\t\t\t\t<\/div>\n\t\t<\/section>\n\t\t\t\t<\/div>\n\t\t","protected":false},"excerpt":{"rendered":"<p>Aromaanwendungen Willkommen in der faszinierenden Welt der Aromaanwendungen bei Lebenslicht \u2013 Zentrum f\u00fcr selbstbestimmte Gesundheit und Lebensenergie in Dresden. Hier entdecken Sie [&hellip;]<\/p>\n","protected":false},"author":1,"featured_media":0,"parent":0,"menu_order":0,"comment_status":"closed","ping_status":"closed","template":"","meta":{"rank_math_lock_modified_date":false,"footnotes":""},"class_list":["post-367","page","type-page","status-publish","hentry"],"_links":{"self":[{"href":"http:\/\/heilpraxis-mkadner.de\/lebenslicht\/wp-json\/wp\/v2\/pages\/367"}],"collection":[{"href":"http:\/\/heilpraxis-mkadner.de\/lebenslicht\/wp-json\/wp\/v2\/pages"}],"about":[{"href":"http:\/\/heilpraxis-mkadner.de\/lebenslicht\/wp-json\/wp\/v2\/types\/page"}],"author":[{"embeddable":true,"href":"http:\/\/heilpraxis-mkadner.de\/lebenslicht\/wp-json\/wp\/v2\/users\/1"}],"replies":[{"embeddable":true,"href":"http:\/\/heilpraxis-mkadner.de\/lebenslicht\/wp-json\/wp\/v2\/comments?post=367"}],"version-history":[{"count":0,"href":"http:\/\/heilpraxis-mkadner.de\/lebenslicht\/wp-json\/wp\/v2\/pages\/367\/revisions"}],"wp:attachment":[{"href":"http:\/\/heilpraxis-mkadner.de\/lebenslicht\/wp-json\/wp\/v2\/media?parent=367"}],"curies":[{"name":"wp","href":"https:\/\/api.w.org\/{rel}","templated":true}]}}