{"id":342,"date":"2024-02-21T18:24:06","date_gmt":"2024-02-21T17:24:06","guid":{"rendered":"http:\/\/heilpraxis-mkadner.de\/lebenslicht\/?page_id=342"},"modified":"2024-03-18T18:43:11","modified_gmt":"2024-03-18T17:43:11","slug":"meridian-energie-technik-dresden","status":"publish","type":"page","link":"http:\/\/heilpraxis-mkadner.de\/lebenslicht\/meridian-energie-technik-dresden\/","title":{"rendered":"Meridian-Energie-Technik (MET)"},"content":{"rendered":"\t\t<div data-elementor-type=\"wp-page\" data-elementor-id=\"342\" class=\"elementor elementor-342\" data-elementor-post-type=\"page\">\n\t\t\t\t\t\t<div class=\"elementor-section elementor-top-section elementor-element elementor-element-5164a881 elementor-section-height-min-height elementor-section-boxed elementor-section-height-default elementor-section-items-middle\" data-id=\"5164a881\" data-element_type=\"section\" data-settings=\"{&quot;background_background&quot;:&quot;classic&quot;}\">\n\t\t\t\t\t\t\t<div class=\"elementor-background-overlay\"><\/div>\n\t\t\t\t\t\t\t<div class=\"elementor-container elementor-column-gap-default\">\n\t\t\t\t\t<div class=\"elementor-column elementor-col-100 elementor-top-column elementor-element elementor-element-95026a6\" data-id=\"95026a6\" data-element_type=\"column\">\n\t\t\t<div class=\"elementor-widget-wrap elementor-element-populated\">\n\t\t\t\t\t\t<div class=\"elementor-element elementor-element-3dd5bd07 elementor-widget elementor-widget-spacer\" data-id=\"3dd5bd07\" data-element_type=\"widget\" data-widget_type=\"spacer.default\">\n\t\t\t\t<div class=\"elementor-widget-container\">\n\t\t\t<style>\/*! elementor - v3.23.0 - 25-07-2024 *\/\n.elementor-column .elementor-spacer-inner{height:var(--spacer-size)}.e-con{--container-widget-width:100%}.e-con-inner>.elementor-widget-spacer,.e-con>.elementor-widget-spacer{width:var(--container-widget-width,var(--spacer-size));--align-self:var(--container-widget-align-self,initial);--flex-shrink:0}.e-con-inner>.elementor-widget-spacer>.elementor-widget-container,.e-con>.elementor-widget-spacer>.elementor-widget-container{height:100%;width:100%}.e-con-inner>.elementor-widget-spacer>.elementor-widget-container>.elementor-spacer,.e-con>.elementor-widget-spacer>.elementor-widget-container>.elementor-spacer{height:100%}.e-con-inner>.elementor-widget-spacer>.elementor-widget-container>.elementor-spacer>.elementor-spacer-inner,.e-con>.elementor-widget-spacer>.elementor-widget-container>.elementor-spacer>.elementor-spacer-inner{height:var(--container-widget-height,var(--spacer-size))}.e-con-inner>.elementor-widget-spacer.elementor-widget-empty,.e-con>.elementor-widget-spacer.elementor-widget-empty{position:relative;min-height:22px;min-width:22px}.e-con-inner>.elementor-widget-spacer.elementor-widget-empty .elementor-widget-empty-icon,.e-con>.elementor-widget-spacer.elementor-widget-empty .elementor-widget-empty-icon{position:absolute;top:0;bottom:0;left:0;right:0;margin:auto;padding:0;width:22px;height:22px}<\/style>\t\t<div class=\"elementor-spacer\">\n\t\t\t<div class=\"elementor-spacer-inner\"><\/div>\n\t\t<\/div>\n\t\t\t\t<\/div>\n\t\t\t\t<\/div>\n\t\t\t\t<div class=\"elementor-element elementor-element-421ce2d7 elementor-widget elementor-widget-heading\" data-id=\"421ce2d7\" data-element_type=\"widget\" data-widget_type=\"heading.default\">\n\t\t\t\t<div class=\"elementor-widget-container\">\n\t\t\t<style>\/*! elementor - v3.23.0 - 25-07-2024 *\/\n.elementor-heading-title{padding:0;margin:0;line-height:1}.elementor-widget-heading .elementor-heading-title[class*=elementor-size-]>a{color:inherit;font-size:inherit;line-height:inherit}.elementor-widget-heading .elementor-heading-title.elementor-size-small{font-size:15px}.elementor-widget-heading .elementor-heading-title.elementor-size-medium{font-size:19px}.elementor-widget-heading .elementor-heading-title.elementor-size-large{font-size:29px}.elementor-widget-heading .elementor-heading-title.elementor-size-xl{font-size:39px}.elementor-widget-heading .elementor-heading-title.elementor-size-xxl{font-size:59px}<\/style><h1 class=\"elementor-heading-title elementor-size-default\">MET \u2013 Meridian-Energie-Technik<\/h1>\t\t<\/div>\n\t\t\t\t<\/div>\n\t\t\t\t<div class=\"elementor-element elementor-element-67f7daea elementor-widget elementor-widget-text-editor\" data-id=\"67f7daea\" data-element_type=\"widget\" data-widget_type=\"text-editor.default\">\n\t\t\t\t<div class=\"elementor-widget-container\">\n\t\t\t<style>\/*! elementor - v3.23.0 - 25-07-2024 *\/\n.elementor-widget-text-editor.elementor-drop-cap-view-stacked .elementor-drop-cap{background-color:#69727d;color:#fff}.elementor-widget-text-editor.elementor-drop-cap-view-framed .elementor-drop-cap{color:#69727d;border:3px solid;background-color:transparent}.elementor-widget-text-editor:not(.elementor-drop-cap-view-default) .elementor-drop-cap{margin-top:8px}.elementor-widget-text-editor:not(.elementor-drop-cap-view-default) .elementor-drop-cap-letter{width:1em;height:1em}.elementor-widget-text-editor .elementor-drop-cap{float:left;text-align:center;line-height:1;font-size:50px}.elementor-widget-text-editor .elementor-drop-cap-letter{display:inline-block}<\/style>\t\t\t\tDie Meridian-Energie-Technik (MET) nach Franke ist eine effektive Methode zur Aufl\u00f6sung emotionaler Blockaden durch die Stimulation des K\u00f6rpers Energiemeridiane. Im Lebenslicht \u2013 Zentrum f\u00fcr selbstbestimmte Gesundheit und Lebensenergie in Dresden wenden wir diese Technik an, um belastende Emotionen aufzul\u00f6sen und das Wohlbefinden zu f\u00f6rdern.\t\t\t\t\t\t<\/div>\n\t\t\t\t<\/div>\n\t\t\t\t<div class=\"elementor-element elementor-element-33f4acb9 elementor-align-center elementor-invisible elementor-widget elementor-widget-button\" data-id=\"33f4acb9\" data-element_type=\"widget\" data-settings=\"{&quot;_animation&quot;:&quot;fadeInUp&quot;}\" data-widget_type=\"button.default\">\n\t\t\t\t<div class=\"elementor-widget-container\">\n\t\t\t\t\t<div class=\"elementor-button-wrapper\">\n\t\t\t<a class=\"elementor-button elementor-button-link elementor-size-sm\" href=\"https:\/\/heilpraxis-mkadner.de\/lebenslicht\/erstgespraech-vereinbaren\/\">\n\t\t\t\t\t\t<span class=\"elementor-button-content-wrapper\">\n\t\t\t\t\t\t\t\t\t<span class=\"elementor-button-text\">Kostenloses Erstgespr\u00e4ch<\/span>\n\t\t\t\t\t<\/span>\n\t\t\t\t\t<\/a>\n\t\t<\/div>\n\t\t\t\t<\/div>\n\t\t\t\t<\/div>\n\t\t\t\t\t<\/div>\n\t\t<\/div>\n\t\t\t\t\t<\/div>\n\t\t<\/div>\n\t\t\t\t<section class=\"elementor-section elementor-top-section elementor-element elementor-element-5979fbce elementor-reverse-mobile elementor-section-boxed elementor-section-height-default elementor-section-height-default\" data-id=\"5979fbce\" data-element_type=\"section\">\n\t\t\t\t\t\t<div class=\"elementor-container elementor-column-gap-default\">\n\t\t\t\t\t<div class=\"elementor-column elementor-col-50 elementor-top-column elementor-element elementor-element-3f2ee5d2\" data-id=\"3f2ee5d2\" data-element_type=\"column\">\n\t\t\t<div class=\"elementor-widget-wrap elementor-element-populated\">\n\t\t\t\t\t\t<div class=\"elementor-element elementor-element-6e248ab3 elementor-widget elementor-widget-heading\" data-id=\"6e248ab3\" data-element_type=\"widget\" data-widget_type=\"heading.default\">\n\t\t\t\t<div class=\"elementor-widget-container\">\n\t\t\t<h2 class=\"elementor-heading-title elementor-size-default\">Kennen Sie das?<\/h2>\t\t<\/div>\n\t\t\t\t<\/div>\n\t\t\t\t<div class=\"elementor-element elementor-element-58b3178 elementor-widget__width-initial elementor-widget-tablet__width-initial elementor-widget-mobile__width-inherit  ui-split-animate ui-splitby-lines elementor-widget elementor-widget-text-editor\" data-id=\"58b3178\" data-element_type=\"widget\" data-settings=\"{&quot;ui_animate_split&quot;:&quot;ui-split-animate&quot;,&quot;ui_animate_split_by&quot;:&quot;lines&quot;,&quot;ui_animate_split_style&quot;:&quot;fadeInUp&quot;}\" data-widget_type=\"text-editor.default\">\n\t\t\t\t<div class=\"elementor-widget-container\">\n\t\t\t\t\t\t\t<ul>\n  <li>Eigentlich habe ich mein Thema schon lange verarbeitet und hinter mir gelassen, aber es triggert mich immer noch.<\/li>\n  <li>Obwohl ein belastendes Ereignis schon so lange her ist, w\u00fchlt es mich immer noch auf, wenn ich daran denke oder davon erz\u00e4hle.<\/li>\n  <li>Ich wei\u00df, dass es notwendig w\u00e4re, etwas in meinem Leben zu ver\u00e4ndern, aber irgendetwas in mir hindert mich daran.<\/li>\n<\/ul>\t\t\t\t\t\t<\/div>\n\t\t\t\t<\/div>\n\t\t\t\t<div class=\"elementor-element elementor-element-23df419 elementor-widget__width-initial elementor-widget-tablet__width-initial elementor-widget-mobile__width-inherit  ui-split-animate ui-splitby-lines elementor-widget elementor-widget-text-editor\" data-id=\"23df419\" data-element_type=\"widget\" data-settings=\"{&quot;ui_animate_split&quot;:&quot;ui-split-animate&quot;,&quot;ui_animate_split_by&quot;:&quot;lines&quot;,&quot;ui_animate_split_style&quot;:&quot;fadeInUp&quot;}\" data-widget_type=\"text-editor.default\">\n\t\t\t\t<div class=\"elementor-widget-container\">\n\t\t\t\t\t\t\tIm Gehirn abgespeicherte Erinnerungen sind emotional verkn\u00fcpft, sodass wir beim Wiedererinnern bzw. dar\u00fcber sprechen ebenfalls die entsprechend verkn\u00fcpften Emotionen wiedererleben und durchf\u00fchlen m\u00fcssen. Egal, ob wir die Ereignisse geistig verarbeitet haben oder nicht, werden die emotionalen Trigger so lange aktiviert, bis sie auch auf der emotionalen Ebene bearbeitet sind. \n\t\t\t\t\t\t<\/div>\n\t\t\t\t<\/div>\n\t\t\t\t<div class=\"elementor-element elementor-element-578e6a5 elementor-widget__width-initial elementor-widget-tablet__width-initial elementor-widget-mobile__width-inherit  ui-split-animate ui-splitby-lines elementor-widget elementor-widget-text-editor\" data-id=\"578e6a5\" data-element_type=\"widget\" data-settings=\"{&quot;ui_animate_split&quot;:&quot;ui-split-animate&quot;,&quot;ui_animate_split_by&quot;:&quot;lines&quot;,&quot;ui_animate_split_style&quot;:&quot;fadeInUp&quot;}\" data-widget_type=\"text-editor.default\">\n\t\t\t\t<div class=\"elementor-widget-container\">\n\t\t\t\t\t\t\tEmotionen sind destruktive Energien, die verschiedene Frequenzen aufweisen und auf den Energiebahnen (Meridiane) gespeichert werden. Das L\u00f6sen dieser muss also auf energetischer Ebene \u00fcber den K\u00f6rper statt auf geistiger Ebene erfolgen. \n\t\t\t\t\t\t<\/div>\n\t\t\t\t<\/div>\n\t\t\t\t\t<\/div>\n\t\t<\/div>\n\t\t\t\t<div class=\"elementor-column elementor-col-50 elementor-top-column elementor-element elementor-element-61586381\" data-id=\"61586381\" data-element_type=\"column\">\n\t\t\t<div class=\"elementor-widget-wrap elementor-element-populated\">\n\t\t\t\t\t\t<div class=\"elementor-element elementor-element-29f26320 animated-fast elementor-invisible elementor-widget elementor-widget-image\" data-id=\"29f26320\" data-element_type=\"widget\" data-settings=\"{&quot;_animation&quot;:&quot;fadeInUp&quot;}\" data-widget_type=\"image.default\">\n\t\t\t\t<div class=\"elementor-widget-container\">\n\t\t\t<style>\/*! elementor - v3.23.0 - 25-07-2024 *\/\n.elementor-widget-image{text-align:center}.elementor-widget-image a{display:inline-block}.elementor-widget-image a img[src$=\".svg\"]{width:48px}.elementor-widget-image img{vertical-align:middle;display:inline-block}<\/style>\t\t\t\t\t\t\t\t\t\t<img fetchpriority=\"high\" decoding=\"async\" width=\"1080\" height=\"800\" src=\"http:\/\/heilpraxis-mkadner.de\/wp-content\/uploads\/sites\/2\/2024\/01\/Meridian_Energie_Technik_MET_Basis.jpg\" class=\"attachment-full size-full wp-image-562\" alt=\"\" srcset=\"http:\/\/heilpraxis-mkadner.de\/wp-content\/uploads\/sites\/2\/2024\/01\/Meridian_Energie_Technik_MET_Basis.jpg 1080w, http:\/\/heilpraxis-mkadner.de\/wp-content\/uploads\/sites\/2\/2024\/01\/Meridian_Energie_Technik_MET_Basis-300x222.jpg 300w, http:\/\/heilpraxis-mkadner.de\/wp-content\/uploads\/sites\/2\/2024\/01\/Meridian_Energie_Technik_MET_Basis-1024x759.jpg 1024w, http:\/\/heilpraxis-mkadner.de\/wp-content\/uploads\/sites\/2\/2024\/01\/Meridian_Energie_Technik_MET_Basis-768x569.jpg 768w, http:\/\/heilpraxis-mkadner.de\/wp-content\/uploads\/sites\/2\/2024\/01\/Meridian_Energie_Technik_MET_Basis-650x481.jpg 650w\" sizes=\"(max-width: 1080px) 100vw, 1080px\" title=\"\">\t\t\t\t\t\t\t\t\t\t\t\t\t<\/div>\n\t\t\t\t<\/div>\n\t\t\t\t\t<\/div>\n\t\t<\/div>\n\t\t\t\t\t<\/div>\n\t\t<\/section>\n\t\t\t\t<section class=\"elementor-section elementor-top-section elementor-element elementor-element-4ef9d73 elementor-section-boxed elementor-section-height-default elementor-section-height-default\" data-id=\"4ef9d73\" data-element_type=\"section\" data-settings=\"{&quot;background_background&quot;:&quot;classic&quot;}\">\n\t\t\t\t\t\t\t<div class=\"elementor-background-overlay\"><\/div>\n\t\t\t\t\t\t\t<div class=\"elementor-container elementor-column-gap-default\">\n\t\t\t\t\t<div class=\"elementor-column elementor-col-50 elementor-top-column elementor-element elementor-element-20407303\" data-id=\"20407303\" data-element_type=\"column\">\n\t\t\t<div class=\"elementor-widget-wrap elementor-element-populated\">\n\t\t\t\t\t\t<div class=\"elementor-element elementor-element-36b8027f animated-fast elementor-invisible elementor-widget elementor-widget-image\" data-id=\"36b8027f\" data-element_type=\"widget\" data-settings=\"{&quot;_animation&quot;:&quot;fadeInUp&quot;}\" data-widget_type=\"image.default\">\n\t\t\t\t<div class=\"elementor-widget-container\">\n\t\t\t\t\t\t\t\t\t\t\t\t\t<img decoding=\"async\" width=\"1080\" height=\"800\" src=\"http:\/\/heilpraxis-mkadner.de\/wp-content\/uploads\/sites\/2\/2024\/01\/MET_Anwendung_Energiefluss.jpg\" class=\"attachment-full size-full wp-image-563\" alt=\"\" srcset=\"http:\/\/heilpraxis-mkadner.de\/wp-content\/uploads\/sites\/2\/2024\/01\/MET_Anwendung_Energiefluss.jpg 1080w, http:\/\/heilpraxis-mkadner.de\/wp-content\/uploads\/sites\/2\/2024\/01\/MET_Anwendung_Energiefluss-300x222.jpg 300w, http:\/\/heilpraxis-mkadner.de\/wp-content\/uploads\/sites\/2\/2024\/01\/MET_Anwendung_Energiefluss-1024x759.jpg 1024w, http:\/\/heilpraxis-mkadner.de\/wp-content\/uploads\/sites\/2\/2024\/01\/MET_Anwendung_Energiefluss-768x569.jpg 768w, http:\/\/heilpraxis-mkadner.de\/wp-content\/uploads\/sites\/2\/2024\/01\/MET_Anwendung_Energiefluss-650x481.jpg 650w\" sizes=\"(max-width: 1080px) 100vw, 1080px\" title=\"\">\t\t\t\t\t\t\t\t\t\t\t\t\t<\/div>\n\t\t\t\t<\/div>\n\t\t\t\t\t<\/div>\n\t\t<\/div>\n\t\t\t\t<div class=\"elementor-column elementor-col-50 elementor-top-column elementor-element elementor-element-27b0ad9e\" data-id=\"27b0ad9e\" data-element_type=\"column\">\n\t\t\t<div class=\"elementor-widget-wrap elementor-element-populated\">\n\t\t\t\t\t\t<div class=\"elementor-element elementor-element-7f5299b4 elementor-widget elementor-widget-heading\" data-id=\"7f5299b4\" data-element_type=\"widget\" data-widget_type=\"heading.default\">\n\t\t\t\t<div class=\"elementor-widget-container\">\n\t\t\t<h2 class=\"elementor-heading-title elementor-size-default\">Was ist MET?<\/h2>\t\t<\/div>\n\t\t\t\t<\/div>\n\t\t\t\t<div class=\"elementor-element elementor-element-2ef82171 elementor-widget__width-initial elementor-widget-tablet__width-initial elementor-widget-mobile__width-inherit  ui-split-animate ui-splitby-lines elementor-widget elementor-widget-text-editor\" data-id=\"2ef82171\" data-element_type=\"widget\" data-settings=\"{&quot;ui_animate_split&quot;:&quot;ui-split-animate&quot;,&quot;ui_animate_split_by&quot;:&quot;lines&quot;,&quot;ui_animate_split_style&quot;:&quot;fadeInUp&quot;}\" data-widget_type=\"text-editor.default\">\n\t\t\t\t<div class=\"elementor-widget-container\">\n\t\t\t\t\t\t\tMET ist eine Klopftechnik, \ndie durch den Diplom-Psychologen und Gestaltpsychotherapeuten Rainer Franke entwickelt wurde, um eben diese emotionalen Konflikte auf Energieebene aufzul\u00f6sen. Dadurch werden belastende Erinnerungen Emotions-Neutral und k\u00f6nnen nicht mehr aktiviert bzw. \u201egetriggert\u201c werden. Erst dann k\u00f6nnen Konflikte vollst\u00e4ndig verarbeitet und endlich Frieden mit der Vergangenheit geschlossen werden. \n\t\t\t\t\t\t<\/div>\n\t\t\t\t<\/div>\n\t\t\t\t<div class=\"elementor-element elementor-element-1ac668c elementor-widget__width-initial elementor-widget-tablet__width-initial elementor-widget-mobile__width-inherit  ui-split-animate ui-splitby-lines elementor-widget elementor-widget-text-editor\" data-id=\"1ac668c\" data-element_type=\"widget\" data-settings=\"{&quot;ui_animate_split&quot;:&quot;ui-split-animate&quot;,&quot;ui_animate_split_by&quot;:&quot;lines&quot;,&quot;ui_animate_split_style&quot;:&quot;fadeInUp&quot;}\" data-widget_type=\"text-editor.default\">\n\t\t\t\t<div class=\"elementor-widget-container\">\n\t\t\t\t\t\t\tMit der Befreiung von belastenden Emotionen wie z.B. Angst, Wut, Scham, Ohnmacht oder Trauer wird es m\u00f6glich, ehrlich zu vergeben und sich danach endlich auf die eigenen W\u00fcnsche, Ziele und die Zukunft auszurichten. \n\u00dcbrig bleiben nat\u00fcrliche Gef\u00fchle. Sie sind konstruktiv und bef\u00e4higen uns, menschliche Verbindungen mit uns selbst und anderen Lebewesen aufzubauen. Beispiele sind Freude, Liebe, Mitgef\u00fchl, Entschlossenheit oder Vertrauen.\n\t\t\t\t\t\t<\/div>\n\t\t\t\t<\/div>\n\t\t\t\t<div class=\"elementor-element elementor-element-b9ac075 elementor-align-left elementor-invisible elementor-widget elementor-widget-button\" data-id=\"b9ac075\" data-element_type=\"widget\" data-settings=\"{&quot;_animation&quot;:&quot;fadeInUp&quot;}\" data-widget_type=\"button.default\">\n\t\t\t\t<div class=\"elementor-widget-container\">\n\t\t\t\t\t<div class=\"elementor-button-wrapper\">\n\t\t\t<a class=\"elementor-button elementor-button-link elementor-size-sm\" href=\"https:\/\/heilpraxis-mkadner.de\/lebenslicht\/erstgespraech-vereinbaren\/\">\n\t\t\t\t\t\t<span class=\"elementor-button-content-wrapper\">\n\t\t\t\t\t\t\t\t\t<span class=\"elementor-button-text\">Termin vereinbaren!<\/span>\n\t\t\t\t\t<\/span>\n\t\t\t\t\t<\/a>\n\t\t<\/div>\n\t\t\t\t<\/div>\n\t\t\t\t<\/div>\n\t\t\t\t\t<\/div>\n\t\t<\/div>\n\t\t\t\t\t<\/div>\n\t\t<\/section>\n\t\t\t\t<section class=\"elementor-section elementor-top-section elementor-element elementor-element-2ba704a4 elementor-reverse-mobile elementor-section-boxed elementor-section-height-default elementor-section-height-default\" data-id=\"2ba704a4\" data-element_type=\"section\">\n\t\t\t\t\t\t<div class=\"elementor-container elementor-column-gap-default\">\n\t\t\t\t\t<div class=\"elementor-column elementor-col-50 elementor-top-column elementor-element elementor-element-691acb58\" data-id=\"691acb58\" data-element_type=\"column\">\n\t\t\t<div class=\"elementor-widget-wrap elementor-element-populated\">\n\t\t\t\t\t\t<div class=\"elementor-element elementor-element-11c03cb7 elementor-widget elementor-widget-heading\" data-id=\"11c03cb7\" data-element_type=\"widget\" data-widget_type=\"heading.default\">\n\t\t\t\t<div class=\"elementor-widget-container\">\n\t\t\t<h2 class=\"elementor-heading-title elementor-size-default\">Wie l\u00e4uft eine MET-Anwendung ab?<\/h2>\t\t<\/div>\n\t\t\t\t<\/div>\n\t\t\t\t<div class=\"elementor-element elementor-element-7a8428ab elementor-widget__width-initial elementor-widget-tablet__width-initial elementor-widget-mobile__width-inherit  ui-split-animate ui-splitby-lines elementor-widget elementor-widget-text-editor\" data-id=\"7a8428ab\" data-element_type=\"widget\" data-settings=\"{&quot;ui_animate_split&quot;:&quot;ui-split-animate&quot;,&quot;ui_animate_split_by&quot;:&quot;lines&quot;,&quot;ui_animate_split_style&quot;:&quot;fadeInUp&quot;}\" data-widget_type=\"text-editor.default\">\n\t\t\t\t<div class=\"elementor-widget-container\">\n\t\t\t\t\t\t\tMethodisch folgt MET bestimmten Abl\u00e4ufen, die zun\u00e4chst das Thema inkl. der belastenden Emotionen erkennen l\u00e4sst und die davon abgeleiteten W\u00fcnsche sichtbar macht. Dadurch wird der Raum f\u00fcr L\u00f6sungen frei und die T\u00fcr \u00f6ffnet sich f\u00fcr neue Perspektiven. Verschiedene Meridianpunkte werden dann mit den Fingern so lange sanft beklopft, bis sich die Energien l\u00f6sen, was sich u.a. auch als k\u00f6rperliche Reaktion z.B. Schauergef\u00fchl, Erleichterung, Tr\u00e4nen oder Kribbelgef\u00fchl \u00e4u\u00dfern kann. Mitunter liegen mehrere Emotionen zu einem Thema \u00fcbereinander und m\u00fcssen einzeln gel\u00f6st werden. Wenn dieser Prozess jedoch abgeschlossen ist, f\u00fchlt sich das Herz wieder leicht an, und der Blick auf die Realit\u00e4t wird frei und unvoreingenommen. \n\t\t\t\t\t\t<\/div>\n\t\t\t\t<\/div>\n\t\t\t\t\t<\/div>\n\t\t<\/div>\n\t\t\t\t<div class=\"elementor-column elementor-col-50 elementor-top-column elementor-element elementor-element-5bff30cf\" data-id=\"5bff30cf\" data-element_type=\"column\">\n\t\t\t<div class=\"elementor-widget-wrap elementor-element-populated\">\n\t\t\t\t\t\t<div class=\"elementor-element elementor-element-429d68a1 animated-fast elementor-invisible elementor-widget elementor-widget-image\" data-id=\"429d68a1\" data-element_type=\"widget\" data-settings=\"{&quot;_animation&quot;:&quot;fadeInUp&quot;}\" data-widget_type=\"image.default\">\n\t\t\t\t<div class=\"elementor-widget-container\">\n\t\t\t\t\t\t\t\t\t\t\t\t\t<img decoding=\"async\" width=\"1080\" height=\"800\" src=\"http:\/\/heilpraxis-mkadner.de\/wp-content\/uploads\/sites\/2\/2024\/01\/Energiearbeit_Meridian_Stimulation.jpg\" class=\"attachment-full size-full wp-image-561\" alt=\"\" srcset=\"http:\/\/heilpraxis-mkadner.de\/wp-content\/uploads\/sites\/2\/2024\/01\/Energiearbeit_Meridian_Stimulation.jpg 1080w, http:\/\/heilpraxis-mkadner.de\/wp-content\/uploads\/sites\/2\/2024\/01\/Energiearbeit_Meridian_Stimulation-300x222.jpg 300w, http:\/\/heilpraxis-mkadner.de\/wp-content\/uploads\/sites\/2\/2024\/01\/Energiearbeit_Meridian_Stimulation-1024x759.jpg 1024w, http:\/\/heilpraxis-mkadner.de\/wp-content\/uploads\/sites\/2\/2024\/01\/Energiearbeit_Meridian_Stimulation-768x569.jpg 768w, http:\/\/heilpraxis-mkadner.de\/wp-content\/uploads\/sites\/2\/2024\/01\/Energiearbeit_Meridian_Stimulation-650x481.jpg 650w\" sizes=\"(max-width: 1080px) 100vw, 1080px\" title=\"\">\t\t\t\t\t\t\t\t\t\t\t\t\t<\/div>\n\t\t\t\t<\/div>\n\t\t\t\t\t<\/div>\n\t\t<\/div>\n\t\t\t\t\t<\/div>\n\t\t<\/section>\n\t\t\t\t<section class=\"elementor-section elementor-top-section elementor-element elementor-element-4e901dd8 elementor-section-boxed elementor-section-height-default elementor-section-height-default\" data-id=\"4e901dd8\" data-element_type=\"section\">\n\t\t\t\t\t\t\t<div class=\"elementor-background-overlay\"><\/div>\n\t\t\t\t\t\t\t<div class=\"elementor-container elementor-column-gap-default\">\n\t\t\t\t\t<div class=\"elementor-column elementor-col-100 elementor-top-column elementor-element elementor-element-3738093c\" data-id=\"3738093c\" data-element_type=\"column\">\n\t\t\t<div class=\"elementor-widget-wrap elementor-element-populated\">\n\t\t\t\t\t\t<div class=\"elementor-element elementor-element-ee85179 elementor-widget elementor-widget-heading\" data-id=\"ee85179\" data-element_type=\"widget\" data-widget_type=\"heading.default\">\n\t\t\t\t<div class=\"elementor-widget-container\">\n\t\t\t<h3 class=\"elementor-heading-title elementor-size-default\">\u201eMan sieht nur mit dem Herzen gut, das Wesentliche ist f\u00fcr das Auge unsichtbar.\u201c\t\u200b<\/h3>\t\t<\/div>\n\t\t\t\t<\/div>\n\t\t\t\t<div class=\"elementor-element elementor-element-98b855e elementor-widget elementor-widget-heading\" data-id=\"98b855e\" data-element_type=\"widget\" data-widget_type=\"heading.default\">\n\t\t\t\t<div class=\"elementor-widget-container\">\n\t\t\t<h3 class=\"elementor-heading-title elementor-size-default\">Antoine de Saint-Exupe\u2019ry \u2013\u201eDer kleine Prinz\u201c\u200b<\/h3>\t\t<\/div>\n\t\t\t\t<\/div>\n\t\t\t\t\t<\/div>\n\t\t<\/div>\n\t\t\t\t\t<\/div>\n\t\t<\/section>\n\t\t\t\t<\/div>\n\t\t","protected":false},"excerpt":{"rendered":"<p>MET \u2013 Meridian-Energie-Technik Die Meridian-Energie-Technik (MET) nach Franke ist eine effektive Methode zur Aufl\u00f6sung emotionaler Blockaden durch die Stimulation des K\u00f6rpers Energiemeridiane. [&hellip;]<\/p>\n","protected":false},"author":1,"featured_media":0,"parent":0,"menu_order":0,"comment_status":"closed","ping_status":"closed","template":"","meta":{"rank_math_lock_modified_date":false,"footnotes":""},"class_list":["post-342","page","type-page","status-publish","hentry"],"_links":{"self":[{"href":"http:\/\/heilpraxis-mkadner.de\/lebenslicht\/wp-json\/wp\/v2\/pages\/342"}],"collection":[{"href":"http:\/\/heilpraxis-mkadner.de\/lebenslicht\/wp-json\/wp\/v2\/pages"}],"about":[{"href":"http:\/\/heilpraxis-mkadner.de\/lebenslicht\/wp-json\/wp\/v2\/types\/page"}],"author":[{"embeddable":true,"href":"http:\/\/heilpraxis-mkadner.de\/lebenslicht\/wp-json\/wp\/v2\/users\/1"}],"replies":[{"embeddable":true,"href":"http:\/\/heilpraxis-mkadner.de\/lebenslicht\/wp-json\/wp\/v2\/comments?post=342"}],"version-history":[{"count":0,"href":"http:\/\/heilpraxis-mkadner.de\/lebenslicht\/wp-json\/wp\/v2\/pages\/342\/revisions"}],"wp:attachment":[{"href":"http:\/\/heilpraxis-mkadner.de\/lebenslicht\/wp-json\/wp\/v2\/media?parent=342"}],"curies":[{"name":"wp","href":"https:\/\/api.w.org\/{rel}","templated":true}]}}