{"id":1220,"date":"2024-03-14T14:26:57","date_gmt":"2024-03-14T13:26:57","guid":{"rendered":"https:\/\/heilpraxis-mkadner.de\/lebenslicht\/?page_id=1220"},"modified":"2024-03-14T14:29:39","modified_gmt":"2024-03-14T13:29:39","slug":"gesundheits-wissen","status":"publish","type":"page","link":"http:\/\/heilpraxis-mkadner.de\/lebenslicht\/gesundheits-wissen\/","title":{"rendered":"Gesundheits-Wissen"},"content":{"rendered":"\t\t<div data-elementor-type=\"wp-page\" data-elementor-id=\"1220\" class=\"elementor elementor-1220\" data-elementor-post-type=\"page\">\n\t\t\t\t\t\t<div class=\"elementor-section elementor-top-section elementor-element elementor-element-cf2fa78 elementor-section-height-min-height elementor-section-boxed elementor-section-height-default elementor-section-items-middle\" data-id=\"cf2fa78\" data-element_type=\"section\" data-settings=\"{&quot;background_background&quot;:&quot;classic&quot;}\">\n\t\t\t\t\t\t\t<div class=\"elementor-background-overlay\"><\/div>\n\t\t\t\t\t\t\t<div class=\"elementor-container elementor-column-gap-default\">\n\t\t\t\t\t<div class=\"elementor-column elementor-col-100 elementor-top-column elementor-element elementor-element-79ce5343\" data-id=\"79ce5343\" data-element_type=\"column\">\n\t\t\t<div class=\"elementor-widget-wrap elementor-element-populated\">\n\t\t\t\t\t\t<div class=\"elementor-element elementor-element-7147ee73 elementor-widget elementor-widget-spacer\" data-id=\"7147ee73\" data-element_type=\"widget\" data-widget_type=\"spacer.default\">\n\t\t\t\t<div class=\"elementor-widget-container\">\n\t\t\t<style>\/*! elementor - v3.23.0 - 25-07-2024 *\/\n.elementor-column .elementor-spacer-inner{height:var(--spacer-size)}.e-con{--container-widget-width:100%}.e-con-inner>.elementor-widget-spacer,.e-con>.elementor-widget-spacer{width:var(--container-widget-width,var(--spacer-size));--align-self:var(--container-widget-align-self,initial);--flex-shrink:0}.e-con-inner>.elementor-widget-spacer>.elementor-widget-container,.e-con>.elementor-widget-spacer>.elementor-widget-container{height:100%;width:100%}.e-con-inner>.elementor-widget-spacer>.elementor-widget-container>.elementor-spacer,.e-con>.elementor-widget-spacer>.elementor-widget-container>.elementor-spacer{height:100%}.e-con-inner>.elementor-widget-spacer>.elementor-widget-container>.elementor-spacer>.elementor-spacer-inner,.e-con>.elementor-widget-spacer>.elementor-widget-container>.elementor-spacer>.elementor-spacer-inner{height:var(--container-widget-height,var(--spacer-size))}.e-con-inner>.elementor-widget-spacer.elementor-widget-empty,.e-con>.elementor-widget-spacer.elementor-widget-empty{position:relative;min-height:22px;min-width:22px}.e-con-inner>.elementor-widget-spacer.elementor-widget-empty .elementor-widget-empty-icon,.e-con>.elementor-widget-spacer.elementor-widget-empty .elementor-widget-empty-icon{position:absolute;top:0;bottom:0;left:0;right:0;margin:auto;padding:0;width:22px;height:22px}<\/style>\t\t<div class=\"elementor-spacer\">\n\t\t\t<div class=\"elementor-spacer-inner\"><\/div>\n\t\t<\/div>\n\t\t\t\t<\/div>\n\t\t\t\t<\/div>\n\t\t\t\t<div class=\"elementor-element elementor-element-7138f5b5 elementor-widget elementor-widget-heading\" data-id=\"7138f5b5\" data-element_type=\"widget\" data-widget_type=\"heading.default\">\n\t\t\t\t<div class=\"elementor-widget-container\">\n\t\t\t<style>\/*! elementor - v3.23.0 - 25-07-2024 *\/\n.elementor-heading-title{padding:0;margin:0;line-height:1}.elementor-widget-heading .elementor-heading-title[class*=elementor-size-]>a{color:inherit;font-size:inherit;line-height:inherit}.elementor-widget-heading .elementor-heading-title.elementor-size-small{font-size:15px}.elementor-widget-heading .elementor-heading-title.elementor-size-medium{font-size:19px}.elementor-widget-heading .elementor-heading-title.elementor-size-large{font-size:29px}.elementor-widget-heading .elementor-heading-title.elementor-size-xl{font-size:39px}.elementor-widget-heading .elementor-heading-title.elementor-size-xxl{font-size:59px}<\/style><h1 class=\"elementor-heading-title elementor-size-default\">Gesundheits-Wissen<\/h1>\t\t<\/div>\n\t\t\t\t<\/div>\n\t\t\t\t<div class=\"elementor-element elementor-element-597f4742 elementor-widget elementor-widget-text-editor\" data-id=\"597f4742\" data-element_type=\"widget\" data-widget_type=\"text-editor.default\">\n\t\t\t\t<div class=\"elementor-widget-container\">\n\t\t\t<style>\/*! elementor - v3.23.0 - 25-07-2024 *\/\n.elementor-widget-text-editor.elementor-drop-cap-view-stacked .elementor-drop-cap{background-color:#69727d;color:#fff}.elementor-widget-text-editor.elementor-drop-cap-view-framed .elementor-drop-cap{color:#69727d;border:3px solid;background-color:transparent}.elementor-widget-text-editor:not(.elementor-drop-cap-view-default) .elementor-drop-cap{margin-top:8px}.elementor-widget-text-editor:not(.elementor-drop-cap-view-default) .elementor-drop-cap-letter{width:1em;height:1em}.elementor-widget-text-editor .elementor-drop-cap{float:left;text-align:center;line-height:1;font-size:50px}.elementor-widget-text-editor .elementor-drop-cap-letter{display:inline-block}<\/style>\t\t\t\t<p>Entwicklungscoaching ist ein m\u00e4chtiges Instrument f\u00fcr pers\u00f6nliches und berufliches Wachstum. Im Lebenslicht \u2013 Zentrum f\u00fcr selbstbestimmte Gesundheit und Lebensenergie bietet Madeleine Kadner professionelles Coaching an, das darauf zielt, Ihre individuellen Ziele zu identifizieren und zu erreichen, um Ihr volles Potenzial zu entfalten.<\/p>\t\t\t\t\t\t<\/div>\n\t\t\t\t<\/div>\n\t\t\t\t<div class=\"elementor-element elementor-element-16f5f087 elementor-align-center elementor-invisible elementor-widget elementor-widget-button\" data-id=\"16f5f087\" data-element_type=\"widget\" data-settings=\"{&quot;_animation&quot;:&quot;fadeInUp&quot;}\" data-widget_type=\"button.default\">\n\t\t\t\t<div class=\"elementor-widget-container\">\n\t\t\t\t\t<div class=\"elementor-button-wrapper\">\n\t\t\t<a class=\"elementor-button elementor-button-link elementor-size-sm\" href=\"https:\/\/heilpraxis-mkadner.de\/lebenslicht\/erstgespraech-vereinbaren\/\">\n\t\t\t\t\t\t<span class=\"elementor-button-content-wrapper\">\n\t\t\t\t\t\t\t\t\t<span class=\"elementor-button-text\">Kostenloses Erstgespr\u00e4ch<\/span>\n\t\t\t\t\t<\/span>\n\t\t\t\t\t<\/a>\n\t\t<\/div>\n\t\t\t\t<\/div>\n\t\t\t\t<\/div>\n\t\t\t\t\t<\/div>\n\t\t<\/div>\n\t\t\t\t\t<\/div>\n\t\t<\/div>\n\t\t\t\t<section class=\"elementor-section elementor-top-section elementor-element elementor-element-a5b446e elementor-reverse-mobile elementor-section-boxed elementor-section-height-default elementor-section-height-default\" data-id=\"a5b446e\" data-element_type=\"section\">\n\t\t\t\t\t\t<div class=\"elementor-container elementor-column-gap-default\">\n\t\t\t\t\t<div class=\"elementor-column elementor-col-50 elementor-top-column elementor-element elementor-element-206c30e\" data-id=\"206c30e\" data-element_type=\"column\">\n\t\t\t<div class=\"elementor-widget-wrap elementor-element-populated\">\n\t\t\t\t\t\t<div class=\"elementor-element elementor-element-fad86ef elementor-widget elementor-widget-heading\" data-id=\"fad86ef\" data-element_type=\"widget\" data-widget_type=\"heading.default\">\n\t\t\t\t<div class=\"elementor-widget-container\">\n\t\t\t<h2 class=\"elementor-heading-title elementor-size-default\">Kurse & Workshops\n<\/h2>\t\t<\/div>\n\t\t\t\t<\/div>\n\t\t\t\t<div class=\"elementor-element elementor-element-c819382 elementor-widget__width-initial elementor-widget-tablet__width-initial elementor-widget-mobile__width-inherit  ui-split-animate ui-splitby-lines elementor-widget elementor-widget-text-editor\" data-id=\"c819382\" data-element_type=\"widget\" data-settings=\"{&quot;ui_animate_split&quot;:&quot;ui-split-animate&quot;,&quot;ui_animate_split_by&quot;:&quot;lines&quot;,&quot;ui_animate_split_style&quot;:&quot;fadeInUp&quot;}\" data-widget_type=\"text-editor.default\">\n\t\t\t\t<div class=\"elementor-widget-container\">\n\t\t\t\t\t\t\tUnser Leben ist oft voller Herausforderungen, die unsere Gesundheit und unser Wohlbefinden beeintr\u00e4chtigen k\u00f6nnen. Deshalb bieten wir eine Reihe spezieller Kurse und Workshops an, die darauf abzielen, Ihnen die Werkzeuge und Kenntnisse an die Hand zu geben, um ein ges\u00fcnderes, ausgeglicheneres Leben zu f\u00fchren. \t\t\t\t\t\t<\/div>\n\t\t\t\t<\/div>\n\t\t\t\t<div class=\"elementor-element elementor-element-ea349bb elementor-align-left elementor-invisible elementor-widget elementor-widget-button\" data-id=\"ea349bb\" data-element_type=\"widget\" data-settings=\"{&quot;_animation&quot;:&quot;fadeInUp&quot;}\" data-widget_type=\"button.default\">\n\t\t\t\t<div class=\"elementor-widget-container\">\n\t\t\t\t\t<div class=\"elementor-button-wrapper\">\n\t\t\t<a class=\"elementor-button elementor-button-link elementor-size-sm\" href=\"https:\/\/heilpraxis-mkadner.de\/lebenslicht\/kurse-workshops-dresden\/\">\n\t\t\t\t\t\t<span class=\"elementor-button-content-wrapper\">\n\t\t\t\t\t\t\t\t\t<span class=\"elementor-button-text\">Zu Kurse & Workshops<\/span>\n\t\t\t\t\t<\/span>\n\t\t\t\t\t<\/a>\n\t\t<\/div>\n\t\t\t\t<\/div>\n\t\t\t\t<\/div>\n\t\t\t\t\t<\/div>\n\t\t<\/div>\n\t\t\t\t<div class=\"elementor-column elementor-col-50 elementor-top-column elementor-element elementor-element-6b73909\" data-id=\"6b73909\" data-element_type=\"column\">\n\t\t\t<div class=\"elementor-widget-wrap elementor-element-populated\">\n\t\t\t\t\t\t<div class=\"elementor-element elementor-element-0987e91 animated-fast elementor-invisible elementor-widget elementor-widget-image\" data-id=\"0987e91\" data-element_type=\"widget\" data-settings=\"{&quot;_animation&quot;:&quot;fadeInUp&quot;}\" data-widget_type=\"image.default\">\n\t\t\t\t<div class=\"elementor-widget-container\">\n\t\t\t<style>\/*! elementor - v3.23.0 - 25-07-2024 *\/\n.elementor-widget-image{text-align:center}.elementor-widget-image a{display:inline-block}.elementor-widget-image a img[src$=\".svg\"]{width:48px}.elementor-widget-image img{vertical-align:middle;display:inline-block}<\/style>\t\t\t\t\t\t\t\t\t\t<img fetchpriority=\"high\" decoding=\"async\" width=\"1080\" height=\"800\" src=\"http:\/\/heilpraxis-mkadner.de\/wp-content\/uploads\/sites\/2\/2024\/01\/Selbsthypnose_Autogenes_Training.jpg\" class=\"attachment-full size-full wp-image-614\" alt=\"\" srcset=\"http:\/\/heilpraxis-mkadner.de\/wp-content\/uploads\/sites\/2\/2024\/01\/Selbsthypnose_Autogenes_Training.jpg 1080w, http:\/\/heilpraxis-mkadner.de\/wp-content\/uploads\/sites\/2\/2024\/01\/Selbsthypnose_Autogenes_Training-300x222.jpg 300w, http:\/\/heilpraxis-mkadner.de\/wp-content\/uploads\/sites\/2\/2024\/01\/Selbsthypnose_Autogenes_Training-1024x759.jpg 1024w, http:\/\/heilpraxis-mkadner.de\/wp-content\/uploads\/sites\/2\/2024\/01\/Selbsthypnose_Autogenes_Training-768x569.jpg 768w, http:\/\/heilpraxis-mkadner.de\/wp-content\/uploads\/sites\/2\/2024\/01\/Selbsthypnose_Autogenes_Training-650x481.jpg 650w\" sizes=\"(max-width: 1080px) 100vw, 1080px\" title=\"\">\t\t\t\t\t\t\t\t\t\t\t\t\t<\/div>\n\t\t\t\t<\/div>\n\t\t\t\t<div class=\"elementor-element elementor-element-b1bbcba elementor-widget__width-initial elementor-widget-mobile__width-initial elementor-absolute elementor-widget elementor-widget-spacer\" data-id=\"b1bbcba\" data-element_type=\"widget\" data-settings=\"{&quot;_position&quot;:&quot;absolute&quot;}\" data-widget_type=\"spacer.default\">\n\t\t\t\t<div class=\"elementor-widget-container\">\n\t\t\t\t\t<div class=\"elementor-spacer\">\n\t\t\t<div class=\"elementor-spacer-inner\"><\/div>\n\t\t<\/div>\n\t\t\t\t<\/div>\n\t\t\t\t<\/div>\n\t\t\t\t\t<\/div>\n\t\t<\/div>\n\t\t\t\t\t<\/div>\n\t\t<\/section>\n\t\t\t\t<section class=\"elementor-section elementor-top-section elementor-element elementor-element-6185e9a elementor-section-boxed elementor-section-height-default elementor-section-height-default\" data-id=\"6185e9a\" data-element_type=\"section\" data-settings=\"{&quot;background_background&quot;:&quot;classic&quot;}\">\n\t\t\t\t\t\t\t<div class=\"elementor-background-overlay\"><\/div>\n\t\t\t\t\t\t\t<div class=\"elementor-container elementor-column-gap-default\">\n\t\t\t\t\t<div class=\"elementor-column elementor-col-50 elementor-top-column elementor-element elementor-element-00abe0c\" data-id=\"00abe0c\" data-element_type=\"column\">\n\t\t\t<div class=\"elementor-widget-wrap elementor-element-populated\">\n\t\t\t\t\t\t<div class=\"elementor-element elementor-element-86bbbbc animated-fast elementor-invisible elementor-widget elementor-widget-image\" data-id=\"86bbbbc\" data-element_type=\"widget\" data-settings=\"{&quot;_animation&quot;:&quot;fadeInUp&quot;}\" data-widget_type=\"image.default\">\n\t\t\t\t<div class=\"elementor-widget-container\">\n\t\t\t\t\t\t\t\t\t\t\t\t\t<img decoding=\"async\" width=\"1080\" height=\"800\" src=\"http:\/\/heilpraxis-mkadner.de\/wp-content\/uploads\/sites\/2\/2024\/02\/bank-am-see.jpg\" class=\"attachment-full size-full wp-image-1082\" alt=\"\" srcset=\"http:\/\/heilpraxis-mkadner.de\/wp-content\/uploads\/sites\/2\/2024\/02\/bank-am-see.jpg 1080w, http:\/\/heilpraxis-mkadner.de\/wp-content\/uploads\/sites\/2\/2024\/02\/bank-am-see-300x222.jpg 300w, http:\/\/heilpraxis-mkadner.de\/wp-content\/uploads\/sites\/2\/2024\/02\/bank-am-see-1024x759.jpg 1024w, http:\/\/heilpraxis-mkadner.de\/wp-content\/uploads\/sites\/2\/2024\/02\/bank-am-see-768x569.jpg 768w, http:\/\/heilpraxis-mkadner.de\/wp-content\/uploads\/sites\/2\/2024\/02\/bank-am-see-650x481.jpg 650w\" sizes=\"(max-width: 1080px) 100vw, 1080px\" title=\"\">\t\t\t\t\t\t\t\t\t\t\t\t\t<\/div>\n\t\t\t\t<\/div>\n\t\t\t\t\t<\/div>\n\t\t<\/div>\n\t\t\t\t<div class=\"elementor-column elementor-col-50 elementor-top-column elementor-element elementor-element-b1058b8\" data-id=\"b1058b8\" data-element_type=\"column\">\n\t\t\t<div class=\"elementor-widget-wrap elementor-element-populated\">\n\t\t\t\t\t\t<div class=\"elementor-element elementor-element-541816f elementor-widget elementor-widget-heading\" data-id=\"541816f\" data-element_type=\"widget\" data-widget_type=\"heading.default\">\n\t\t\t\t<div class=\"elementor-widget-container\">\n\t\t\t<h2 class=\"elementor-heading-title elementor-size-default\">Netzwerk & Partner\n<\/h2>\t\t<\/div>\n\t\t\t\t<\/div>\n\t\t\t\t<div class=\"elementor-element elementor-element-349a4da elementor-widget__width-initial elementor-widget-tablet__width-initial elementor-widget-mobile__width-inherit  ui-split-animate ui-splitby-lines elementor-widget elementor-widget-text-editor\" data-id=\"349a4da\" data-element_type=\"widget\" data-settings=\"{&quot;ui_animate_split&quot;:&quot;ui-split-animate&quot;,&quot;ui_animate_split_by&quot;:&quot;lines&quot;,&quot;ui_animate_split_style&quot;:&quot;fadeInUp&quot;}\" data-widget_type=\"text-editor.default\">\n\t\t\t\t<div class=\"elementor-widget-container\">\n\t\t\t\t\t\t\tNiemand ist eine Insel, und das gilt besonders f\u00fcr die Reise zu besserer Gesundheit und Wohlbefinden. Entdecken Sie unser wachsendes Netzwerk aus Fachleuten und Organisationen, die alle ein gemeinsames Ziel haben: Sie auf Ihrem Weg zu unterst\u00fctzen. \t\t\t\t\t\t<\/div>\n\t\t\t\t<\/div>\n\t\t\t\t<div class=\"elementor-element elementor-element-45b8544 elementor-align-left elementor-invisible elementor-widget elementor-widget-button\" data-id=\"45b8544\" data-element_type=\"widget\" data-settings=\"{&quot;_animation&quot;:&quot;fadeInUp&quot;}\" data-widget_type=\"button.default\">\n\t\t\t\t<div class=\"elementor-widget-container\">\n\t\t\t\t\t<div class=\"elementor-button-wrapper\">\n\t\t\t<a class=\"elementor-button elementor-button-link elementor-size-sm\" href=\"https:\/\/heilpraxis-mkadner.de\/lebenslicht\/netzwerk-partner-dresden\/\">\n\t\t\t\t\t\t<span class=\"elementor-button-content-wrapper\">\n\t\t\t\t\t\t\t\t\t<span class=\"elementor-button-text\">Zu Netzwerk & Partner<\/span>\n\t\t\t\t\t<\/span>\n\t\t\t\t\t<\/a>\n\t\t<\/div>\n\t\t\t\t<\/div>\n\t\t\t\t<\/div>\n\t\t\t\t<div class=\"elementor-element elementor-element-292e6cb elementor-widget elementor-widget-spacer\" data-id=\"292e6cb\" data-element_type=\"widget\" data-widget_type=\"spacer.default\">\n\t\t\t\t<div class=\"elementor-widget-container\">\n\t\t\t\t\t<div class=\"elementor-spacer\">\n\t\t\t<div class=\"elementor-spacer-inner\"><\/div>\n\t\t<\/div>\n\t\t\t\t<\/div>\n\t\t\t\t<\/div>\n\t\t\t\t\t<\/div>\n\t\t<\/div>\n\t\t\t\t\t<\/div>\n\t\t<\/section>\n\t\t\t\t<section class=\"elementor-section elementor-top-section elementor-element elementor-element-bd842a9 elementor-reverse-mobile elementor-section-boxed elementor-section-height-default elementor-section-height-default\" data-id=\"bd842a9\" data-element_type=\"section\">\n\t\t\t\t\t\t<div class=\"elementor-container elementor-column-gap-default\">\n\t\t\t\t\t<div class=\"elementor-column elementor-col-50 elementor-top-column elementor-element elementor-element-f078052\" data-id=\"f078052\" data-element_type=\"column\">\n\t\t\t<div class=\"elementor-widget-wrap elementor-element-populated\">\n\t\t\t\t\t\t<div class=\"elementor-element elementor-element-5b84762 elementor-widget elementor-widget-heading\" data-id=\"5b84762\" data-element_type=\"widget\" data-widget_type=\"heading.default\">\n\t\t\t\t<div class=\"elementor-widget-container\">\n\t\t\t<h2 class=\"elementor-heading-title elementor-size-default\">Blog<\/h2>\t\t<\/div>\n\t\t\t\t<\/div>\n\t\t\t\t<div class=\"elementor-element elementor-element-f4ce2eb elementor-widget__width-initial elementor-widget-tablet__width-initial elementor-widget-mobile__width-inherit  ui-split-animate ui-splitby-lines elementor-widget elementor-widget-text-editor\" data-id=\"f4ce2eb\" data-element_type=\"widget\" data-settings=\"{&quot;ui_animate_split&quot;:&quot;ui-split-animate&quot;,&quot;ui_animate_split_by&quot;:&quot;lines&quot;,&quot;ui_animate_split_style&quot;:&quot;fadeInUp&quot;}\" data-widget_type=\"text-editor.default\">\n\t\t\t\t<div class=\"elementor-widget-container\">\n\t\t\t\t\t\t\tBleiben Sie mit unserem Blog auf dem Laufenden \u00fcber die neuesten Trends, Erkenntnisse und Tipps im Bereich Gesundheit und Wohlbefinden. Unsere Artikel sind sorgf\u00e4ltig recherchiert und darauf ausgerichtet, Ihnen n\u00fctzliche Informationen und Inspiration zu bieten. Ob es um Ern\u00e4hrung, k\u00f6rperliche Aktivit\u00e4t, geistige Gesundheit oder die neuesten Gesundheitsnachrichten geht, unser Blog ist eine wertvolle Ressource f\u00fcr alle, die ihr Leben verbessern m\u00f6chten. \t\t\t\t\t\t<\/div>\n\t\t\t\t<\/div>\n\t\t\t\t<div class=\"elementor-element elementor-element-128cff7 elementor-align-left elementor-invisible elementor-widget elementor-widget-button\" data-id=\"128cff7\" data-element_type=\"widget\" data-settings=\"{&quot;_animation&quot;:&quot;fadeInUp&quot;}\" data-widget_type=\"button.default\">\n\t\t\t\t<div class=\"elementor-widget-container\">\n\t\t\t\t\t<div class=\"elementor-button-wrapper\">\n\t\t\t<a class=\"elementor-button elementor-button-link elementor-size-sm\" href=\"https:\/\/heilpraxis-mkadner.de\/lebenslicht\/blog\/\">\n\t\t\t\t\t\t<span class=\"elementor-button-content-wrapper\">\n\t\t\t\t\t\t\t\t\t<span class=\"elementor-button-text\">Zum Blog<\/span>\n\t\t\t\t\t<\/span>\n\t\t\t\t\t<\/a>\n\t\t<\/div>\n\t\t\t\t<\/div>\n\t\t\t\t<\/div>\n\t\t\t\t\t<\/div>\n\t\t<\/div>\n\t\t\t\t<div class=\"elementor-column elementor-col-50 elementor-top-column elementor-element elementor-element-73593d2\" data-id=\"73593d2\" data-element_type=\"column\">\n\t\t\t<div class=\"elementor-widget-wrap elementor-element-populated\">\n\t\t\t\t\t\t<div class=\"elementor-element elementor-element-cf84d35 animated-fast elementor-invisible elementor-widget elementor-widget-image\" data-id=\"cf84d35\" data-element_type=\"widget\" data-settings=\"{&quot;_animation&quot;:&quot;fadeInUp&quot;}\" data-widget_type=\"image.default\">\n\t\t\t\t<div class=\"elementor-widget-container\">\n\t\t\t\t\t\t\t\t\t\t\t\t\t<img decoding=\"async\" width=\"1080\" height=\"800\" src=\"http:\/\/heilpraxis-mkadner.de\/wp-content\/uploads\/sites\/2\/2024\/03\/praxis-6.jpg\" class=\"attachment-full size-full wp-image-1187\" alt=\"\" srcset=\"http:\/\/heilpraxis-mkadner.de\/wp-content\/uploads\/sites\/2\/2024\/03\/praxis-6.jpg 1080w, http:\/\/heilpraxis-mkadner.de\/wp-content\/uploads\/sites\/2\/2024\/03\/praxis-6-300x222.jpg 300w, http:\/\/heilpraxis-mkadner.de\/wp-content\/uploads\/sites\/2\/2024\/03\/praxis-6-1024x759.jpg 1024w, http:\/\/heilpraxis-mkadner.de\/wp-content\/uploads\/sites\/2\/2024\/03\/praxis-6-768x569.jpg 768w, http:\/\/heilpraxis-mkadner.de\/wp-content\/uploads\/sites\/2\/2024\/03\/praxis-6-650x481.jpg 650w\" sizes=\"(max-width: 1080px) 100vw, 1080px\" title=\"\">\t\t\t\t\t\t\t\t\t\t\t\t\t<\/div>\n\t\t\t\t<\/div>\n\t\t\t\t<div class=\"elementor-element elementor-element-f1c79e9 elementor-widget__width-initial elementor-widget-mobile__width-initial elementor-absolute elementor-widget elementor-widget-spacer\" data-id=\"f1c79e9\" data-element_type=\"widget\" data-settings=\"{&quot;_position&quot;:&quot;absolute&quot;}\" data-widget_type=\"spacer.default\">\n\t\t\t\t<div class=\"elementor-widget-container\">\n\t\t\t\t\t<div class=\"elementor-spacer\">\n\t\t\t<div class=\"elementor-spacer-inner\"><\/div>\n\t\t<\/div>\n\t\t\t\t<\/div>\n\t\t\t\t<\/div>\n\t\t\t\t\t<\/div>\n\t\t<\/div>\n\t\t\t\t\t<\/div>\n\t\t<\/section>\n\t\t\t\t<\/div>\n\t\t","protected":false},"excerpt":{"rendered":"<p>Gesundheits-Wissen Entwicklungscoaching ist ein m\u00e4chtiges Instrument f\u00fcr pers\u00f6nliches und berufliches Wachstum. Im Lebenslicht \u2013 Zentrum f\u00fcr selbstbestimmte Gesundheit und Lebensenergie bietet Madeleine [&hellip;]<\/p>\n","protected":false},"author":1,"featured_media":0,"parent":0,"menu_order":0,"comment_status":"closed","ping_status":"closed","template":"","meta":{"rank_math_lock_modified_date":false,"footnotes":""},"class_list":["post-1220","page","type-page","status-publish","hentry"],"_links":{"self":[{"href":"http:\/\/heilpraxis-mkadner.de\/lebenslicht\/wp-json\/wp\/v2\/pages\/1220"}],"collection":[{"href":"http:\/\/heilpraxis-mkadner.de\/lebenslicht\/wp-json\/wp\/v2\/pages"}],"about":[{"href":"http:\/\/heilpraxis-mkadner.de\/lebenslicht\/wp-json\/wp\/v2\/types\/page"}],"author":[{"embeddable":true,"href":"http:\/\/heilpraxis-mkadner.de\/lebenslicht\/wp-json\/wp\/v2\/users\/1"}],"replies":[{"embeddable":true,"href":"http:\/\/heilpraxis-mkadner.de\/lebenslicht\/wp-json\/wp\/v2\/comments?post=1220"}],"version-history":[{"count":0,"href":"http:\/\/heilpraxis-mkadner.de\/lebenslicht\/wp-json\/wp\/v2\/pages\/1220\/revisions"}],"wp:attachment":[{"href":"http:\/\/heilpraxis-mkadner.de\/lebenslicht\/wp-json\/wp\/v2\/media?parent=1220"}],"curies":[{"name":"wp","href":"https:\/\/api.w.org\/{rel}","templated":true}]}}